{"id":1111,"date":"2025-03-19T16:22:33","date_gmt":"2025-03-19T16:22:33","guid":{"rendered":"https:\/\/www.activity.co.at\/?page_id=1111"},"modified":"2025-05-08T14:25:55","modified_gmt":"2025-05-08T14:25:55","slug":"coaching-werkzeuge-fuer-fuehrungskraefte","status":"publish","type":"page","link":"https:\/\/www.activity.co.at\/?page_id=1111","title":{"rendered":"Coaching-Werkzeuge f\u00fcr F\u00fchrungskr\u00e4fte"},"content":{"rendered":"<style>.kb-row-layout-id1111_b426a9-19 > .kt-row-column-wrap{align-content:start;}:where(.kb-row-layout-id1111_b426a9-19 > .kt-row-column-wrap) > .wp-block-kadence-column{justify-content:start;}.kb-row-layout-id1111_b426a9-19 > .kt-row-column-wrap{column-gap:var(--global-kb-gap-md, 2rem);row-gap:var(--global-kb-gap-none, 0rem );max-width:var( --global-content-width, 1290px );padding-left:var(--global-content-edge-padding);padding-right:var(--global-content-edge-padding);padding-top:0px;padding-bottom:0px;grid-template-columns:minmax(0, 1fr);}.kb-row-layout-id1111_b426a9-19 > .kt-row-layout-overlay{opacity:0.30;}.kb-row-layout-id1111_b426a9-19{z-index:1475;position:relative;}.kb-row-layout-id1111_b426a9-19 .kt-row-layout-bottom-sep{height:100px;}.kb-row-layout-id1111_b426a9-19 .kt-row-layout-bottom-sep svg{width:100%;}.kb-row-layout-id1111_b426a9-19 .kt-row-layout-bottom-sep svg{fill:#ffffff!important;}@media all and (max-width: 1024px){.kb-row-layout-id1111_b426a9-19 > .kt-row-column-wrap{grid-template-columns:minmax(0, 1fr);}}@media all and (max-width: 1024px){.kb-row-layout-id1111_b426a9-19 .kt-row-layout-bottom-sep{height:px;}}@media all and (max-width: 1024px){.kb-row-layout-id1111_b426a9-19 .kt-row-layout-bottom-sep svg{width:%;}}@media all and (max-width: 767px){.kb-row-layout-id1111_b426a9-19 > .kt-row-column-wrap{grid-template-columns:minmax(0, 1fr);}.kb-row-layout-id1111_b426a9-19 .kt-row-layout-bottom-sep{height:px;}.kb-row-layout-id1111_b426a9-19 .kt-row-layout-bottom-sep svg{width:%;}}.kb-row-layout-id1111_b426a9-19 {z-index: 10;}<\/style><div class=\"kb-row-layout-wrap kb-row-layout-id1111_b426a9-19 alignfull has-theme-palette9-background-color kt-row-has-bg wp-block-kadence-rowlayout\"><div class=\"kt-row-column-wrap kt-has-1-columns kt-row-layout-equal kt-tab-layout-inherit kt-mobile-layout-row kt-row-valign-top kb-theme-content-width\">\n<style>.kadence-column1111_a54f46-53 > .kt-inside-inner-col,.kadence-column1111_a54f46-53 > .kt-inside-inner-col:before{border-top-left-radius:0px;border-top-right-radius:0px;border-bottom-right-radius:0px;border-bottom-left-radius:0px;}.kadence-column1111_a54f46-53 > .kt-inside-inner-col{column-gap:var(--global-kb-gap-sm, 1rem);}.kadence-column1111_a54f46-53 > .kt-inside-inner-col{flex-direction:column;}.kadence-column1111_a54f46-53 > .kt-inside-inner-col > .aligncenter{width:100%;}.kadence-column1111_a54f46-53 > .kt-inside-inner-col:before{opacity:0.3;}.kadence-column1111_a54f46-53{position:relative;}@media all and (max-width: 1024px){.kadence-column1111_a54f46-53 > .kt-inside-inner-col{flex-direction:column;justify-content:center;}}@media all and (max-width: 767px){.kadence-column1111_a54f46-53 > .kt-inside-inner-col{flex-direction:column;justify-content:center;}}<\/style>\n<div class=\"wp-block-kadence-column kadence-column1111_a54f46-53 inner-column-1\"><div class=\"kt-inside-inner-col\">\n<p><\/p>\n\n\n<style>.wp-block-kadence-advancedheading.kt-adv-heading1111_e160ba-4d, .wp-block-kadence-advancedheading.kt-adv-heading1111_e160ba-4d[data-kb-block=\"kb-adv-heading1111_e160ba-4d\"]{max-width:960px;margin-top:0em;margin-bottom:0em;text-align:left;font-size:var(--global-kb-font-size-xl, 3rem);line-height:1.1;font-style:normal;}.wp-block-kadence-advancedheading.kt-adv-heading1111_e160ba-4d mark.kt-highlight, .wp-block-kadence-advancedheading.kt-adv-heading1111_e160ba-4d[data-kb-block=\"kb-adv-heading1111_e160ba-4d\"] mark.kt-highlight{font-style:normal;color:#f76a0c;-webkit-box-decoration-break:clone;box-decoration-break:clone;padding-top:0px;padding-right:0px;padding-bottom:0px;padding-left:0px;}.wp-block-kadence-advancedheading.kt-adv-heading1111_e160ba-4d img.kb-inline-image, .wp-block-kadence-advancedheading.kt-adv-heading1111_e160ba-4d[data-kb-block=\"kb-adv-heading1111_e160ba-4d\"] img.kb-inline-image{width:150px;vertical-align:baseline;}@media all and (max-width: 1024px){.wp-block-kadence-advancedheading.kt-adv-heading1111_e160ba-4d, .wp-block-kadence-advancedheading.kt-adv-heading1111_e160ba-4d[data-kb-block=\"kb-adv-heading1111_e160ba-4d\"]{font-size:42px;line-height:1.1;}}@media all and (max-width: 767px){.wp-block-kadence-advancedheading.kt-adv-heading1111_e160ba-4d, .wp-block-kadence-advancedheading.kt-adv-heading1111_e160ba-4d[data-kb-block=\"kb-adv-heading1111_e160ba-4d\"]{font-size:28px;line-height:1.1;}}<\/style>\n<h1 class=\"kt-adv-heading1111_e160ba-4d wp-block-kadence-advancedheading has-theme-palette-3-color has-text-color\" data-kb-block=\"kb-adv-heading1111_e160ba-4d\">Coaching-Werkzeuge f\u00fcr F\u00fchrungskr\u00e4fte  <\/h1>\n\n\n<style>.wp-block-kadence-advancedheading.kt-adv-heading1111_f790d7-1f, .wp-block-kadence-advancedheading.kt-adv-heading1111_f790d7-1f[data-kb-block=\"kb-adv-heading1111_f790d7-1f\"]{margin-top:0px;margin-bottom:var(--global-kb-spacing-md, 2rem);text-align:left;font-size:var(--global-kb-font-size-lg, 2rem);line-height:1.3;font-style:normal;font-family:var( --global-body-font-family, inherit );}.wp-block-kadence-advancedheading.kt-adv-heading1111_f790d7-1f mark.kt-highlight, .wp-block-kadence-advancedheading.kt-adv-heading1111_f790d7-1f[data-kb-block=\"kb-adv-heading1111_f790d7-1f\"] mark.kt-highlight{font-style:normal;color:#f76a0c;-webkit-box-decoration-break:clone;box-decoration-break:clone;padding-top:0px;padding-right:0px;padding-bottom:0px;padding-left:0px;}.wp-block-kadence-advancedheading.kt-adv-heading1111_f790d7-1f img.kb-inline-image, .wp-block-kadence-advancedheading.kt-adv-heading1111_f790d7-1f[data-kb-block=\"kb-adv-heading1111_f790d7-1f\"] img.kb-inline-image{width:150px;vertical-align:baseline;}@media all and (max-width: 1024px){.wp-block-kadence-advancedheading.kt-adv-heading1111_f790d7-1f, .wp-block-kadence-advancedheading.kt-adv-heading1111_f790d7-1f[data-kb-block=\"kb-adv-heading1111_f790d7-1f\"]{font-size:var(--global-kb-font-size-md, 1.25rem);line-height:1.3;}}@media all and (max-width: 767px){.wp-block-kadence-advancedheading.kt-adv-heading1111_f790d7-1f, .wp-block-kadence-advancedheading.kt-adv-heading1111_f790d7-1f[data-kb-block=\"kb-adv-heading1111_f790d7-1f\"]{font-size:var(--global-kb-font-size-md, 1.25rem);line-height:1.3;}}<\/style>\n<p class=\"kt-adv-heading1111_f790d7-1f wp-block-kadence-advancedheading\" data-kb-block=\"kb-adv-heading1111_f790d7-1f\">Wie Sie Ihre Mitarbeiter:innen optimal entwickeln <\/p>\n<\/div><\/div>\n\n<\/div><\/div>\n\n<style>.kb-row-layout-id1111_cd3452-fa > .kt-row-column-wrap{align-content:start;}:where(.kb-row-layout-id1111_cd3452-fa > .kt-row-column-wrap) > .wp-block-kadence-column{justify-content:start;}.kb-row-layout-id1111_cd3452-fa > .kt-row-column-wrap{column-gap:var(--global-kb-gap-md, 2rem);row-gap:var(--global-kb-gap-md, 2rem);padding-top:var(--global-kb-spacing-sm, 1.5rem);padding-bottom:var(--global-kb-spacing-sm, 1.5rem);grid-template-columns:minmax(0, 1fr);}.kb-row-layout-id1111_cd3452-fa > .kt-row-layout-overlay{opacity:0.30;}@media all and (max-width: 1024px){.kb-row-layout-id1111_cd3452-fa > .kt-row-column-wrap{padding-top:var(--global-kb-spacing-lg, 3rem);grid-template-columns:minmax(0, 1fr);}}@media all and (max-width: 767px){.kb-row-layout-id1111_cd3452-fa > .kt-row-column-wrap{grid-template-columns:minmax(0, 1fr);}}<\/style><div class=\"kb-row-layout-wrap kb-row-layout-id1111_cd3452-fa alignfull has-theme-palette8-background-color kt-row-has-bg wp-block-kadence-rowlayout\"><div class=\"kt-row-column-wrap kt-has-1-columns kt-row-layout-equal kt-tab-layout-inherit kt-mobile-layout-row kt-row-valign-top\">\n<style>.kadence-column1111_7145cf-aa > .kt-inside-inner-col,.kadence-column1111_7145cf-aa > .kt-inside-inner-col:before{border-top-left-radius:0px;border-top-right-radius:0px;border-bottom-right-radius:0px;border-bottom-left-radius:0px;}.kadence-column1111_7145cf-aa > .kt-inside-inner-col{column-gap:var(--global-kb-gap-sm, 1rem);}.kadence-column1111_7145cf-aa > .kt-inside-inner-col{flex-direction:column;}.kadence-column1111_7145cf-aa > .kt-inside-inner-col > .aligncenter{width:100%;}.kadence-column1111_7145cf-aa > .kt-inside-inner-col:before{opacity:0.3;}.kadence-column1111_7145cf-aa{position:relative;}@media all and (max-width: 1024px){.kadence-column1111_7145cf-aa > .kt-inside-inner-col{flex-direction:column;justify-content:center;}}@media all and (max-width: 767px){.kadence-column1111_7145cf-aa > .kt-inside-inner-col{flex-direction:column;justify-content:center;}}<\/style>\n<div class=\"wp-block-kadence-column kadence-column1111_7145cf-aa\"><div class=\"kt-inside-inner-col\"><style>.kb-row-layout-id1111_7d04a6-86 > .kt-row-column-wrap{align-content:start;}:where(.kb-row-layout-id1111_7d04a6-86 > .kt-row-column-wrap) > .wp-block-kadence-column{justify-content:start;}.kb-row-layout-id1111_7d04a6-86 > .kt-row-column-wrap{column-gap:var(--global-kb-gap-lg, 4rem);row-gap:var(--global-kb-gap-lg, 4rem);max-width:var( --global-content-width, 1290px );padding-left:var(--global-content-edge-padding);padding-right:var(--global-content-edge-padding);padding-top:0px;padding-right:0px;padding-bottom:0px;padding-left:0px;grid-template-columns:repeat(2, minmax(0, 1fr));}.kb-row-layout-id1111_7d04a6-86 > .kt-row-layout-overlay{opacity:0.30;}@media all and (max-width: 1024px){.kb-row-layout-id1111_7d04a6-86 > .kt-row-column-wrap{padding-right:var(--global-kb-spacing-4xl, 8rem);padding-left:var(--global-kb-spacing-4xl, 8rem);grid-template-columns:minmax(0, 1fr);}}@media all and (max-width: 767px){.kb-row-layout-id1111_7d04a6-86 > .kt-row-column-wrap{padding-right:0px;padding-left:0px;grid-template-columns:minmax(0, 1fr);}}<\/style><div class=\"kb-row-layout-wrap kb-row-layout-id1111_7d04a6-86 alignnone wp-block-kadence-rowlayout\"><div class=\"kt-row-column-wrap kt-has-2-columns kt-row-layout-equal kt-tab-layout-row kt-mobile-layout-row kt-row-valign-top kb-theme-content-width\">\n<style>.kadence-column1111_f80999-9d > .kt-inside-inner-col,.kadence-column1111_f80999-9d > .kt-inside-inner-col:before{border-top-left-radius:0px;border-top-right-radius:0px;border-bottom-right-radius:0px;border-bottom-left-radius:0px;}.kadence-column1111_f80999-9d > .kt-inside-inner-col{column-gap:var(--global-kb-gap-sm, 1rem);}.kadence-column1111_f80999-9d > .kt-inside-inner-col{flex-direction:column;}.kadence-column1111_f80999-9d > .kt-inside-inner-col > .aligncenter{width:100%;}.kadence-column1111_f80999-9d > .kt-inside-inner-col:before{opacity:0.3;}.kadence-column1111_f80999-9d{position:relative;}@media all and (max-width: 1024px){.kadence-column1111_f80999-9d > .kt-inside-inner-col{flex-direction:column;justify-content:center;}}@media all and (max-width: 767px){.kadence-column1111_f80999-9d > .kt-inside-inner-col{flex-direction:column;justify-content:center;}}<\/style>\n<div class=\"wp-block-kadence-column kadence-column1111_f80999-9d\"><div class=\"kt-inside-inner-col\"><style>.kb-image1111_eb7f59-90 .kb-image-has-overlay:after{opacity:0.3;border-bottom-left-radius:80px;}.kb-image1111_eb7f59-90 img.kb-img, .kb-image1111_eb7f59-90 .kb-img img{border-bottom-left-radius:80px;object-position:54% 38%;}<\/style>\n<figure class=\"wp-block-kadence-image kb-image1111_eb7f59-90 size-large kb-image-is-ratio-size\"><div class=\"kb-is-ratio-image kb-image-ratio-land43\"><img loading=\"lazy\" decoding=\"async\" width=\"1024\" height=\"1024\" src=\"https:\/\/www.activity.co.at\/wp-content\/uploads\/2025\/02\/business-coach-8586938_1280-1024x1024.jpg\" alt=\"\" class=\"kb-img wp-image-1057\" srcset=\"https:\/\/www.activity.co.at\/wp-content\/uploads\/2025\/02\/business-coach-8586938_1280-1024x1024.jpg 1024w, https:\/\/www.activity.co.at\/wp-content\/uploads\/2025\/02\/business-coach-8586938_1280-300x300.jpg 300w, https:\/\/www.activity.co.at\/wp-content\/uploads\/2025\/02\/business-coach-8586938_1280-150x150.jpg 150w, https:\/\/www.activity.co.at\/wp-content\/uploads\/2025\/02\/business-coach-8586938_1280-768x768.jpg 768w, https:\/\/www.activity.co.at\/wp-content\/uploads\/2025\/02\/business-coach-8586938_1280.jpg 1280w\" sizes=\"auto, (max-width: 1024px) 100vw, 1024px\" \/><\/div><\/figure>\n<\/div><\/div>\n\n\n<style>.kadence-column1111_4bae23-b7 > .kt-inside-inner-col{display:flex;}.kadence-column1111_4bae23-b7 > .kt-inside-inner-col,.kadence-column1111_4bae23-b7 > .kt-inside-inner-col:before{border-top-left-radius:0px;border-top-right-radius:0px;border-bottom-right-radius:0px;border-bottom-left-radius:0px;}.kadence-column1111_4bae23-b7 > .kt-inside-inner-col{column-gap:var(--global-kb-gap-sm, 1rem);}.kadence-column1111_4bae23-b7 > .kt-inside-inner-col{flex-direction:column;justify-content:center;}.kadence-column1111_4bae23-b7 > .kt-inside-inner-col > .aligncenter{width:100%;}.kt-row-column-wrap > .kadence-column1111_4bae23-b7{align-self:center;}.kt-inner-column-height-full:not(.kt-has-1-columns) > .wp-block-kadence-column.kadence-column1111_4bae23-b7{align-self:auto;}.kt-inner-column-height-full:not(.kt-has-1-columns) > .wp-block-kadence-column.kadence-column1111_4bae23-b7 > .kt-inside-inner-col{flex-direction:column;justify-content:center;}.kadence-column1111_4bae23-b7 > .kt-inside-inner-col:before{opacity:0.3;}.kadence-column1111_4bae23-b7{position:relative;}@media all and (max-width: 1024px){.kt-row-column-wrap > .kadence-column1111_4bae23-b7{align-self:center;}}@media all and (max-width: 1024px){.kt-inner-column-height-full:not(.kt-has-1-columns) > .wp-block-kadence-column.kadence-column1111_4bae23-b7{align-self:auto;}}@media all and (max-width: 1024px){.kt-inner-column-height-full:not(.kt-has-1-columns) > .wp-block-kadence-column.kadence-column1111_4bae23-b7 > .kt-inside-inner-col{flex-direction:column;justify-content:center;}}@media all and (max-width: 1024px){.kadence-column1111_4bae23-b7 > .kt-inside-inner-col{flex-direction:column;justify-content:center;}}@media all and (max-width: 767px){.kt-row-column-wrap > .kadence-column1111_4bae23-b7{align-self:center;}.kt-inner-column-height-full:not(.kt-has-1-columns) > .wp-block-kadence-column.kadence-column1111_4bae23-b7{align-self:auto;}.kt-inner-column-height-full:not(.kt-has-1-columns) > .wp-block-kadence-column.kadence-column1111_4bae23-b7 > .kt-inside-inner-col{flex-direction:column;justify-content:center;}.kadence-column1111_4bae23-b7 > .kt-inside-inner-col{flex-direction:column;justify-content:center;}}<\/style>\n<div class=\"wp-block-kadence-column kadence-column1111_4bae23-b7\"><div class=\"kt-inside-inner-col\"><style>.wp-block-kadence-advancedheading.kt-adv-heading1111_965f55-7a, .wp-block-kadence-advancedheading.kt-adv-heading1111_965f55-7a[data-kb-block=\"kb-adv-heading1111_965f55-7a\"]{font-size:var(--global-kb-font-size-md, 1.25rem);font-style:normal;font-family:var( --global-body-font-family, inherit );}.wp-block-kadence-advancedheading.kt-adv-heading1111_965f55-7a mark.kt-highlight, .wp-block-kadence-advancedheading.kt-adv-heading1111_965f55-7a[data-kb-block=\"kb-adv-heading1111_965f55-7a\"] mark.kt-highlight{font-style:normal;color:#f76a0c;-webkit-box-decoration-break:clone;box-decoration-break:clone;padding-top:0px;padding-right:0px;padding-bottom:0px;padding-left:0px;}.wp-block-kadence-advancedheading.kt-adv-heading1111_965f55-7a img.kb-inline-image, .wp-block-kadence-advancedheading.kt-adv-heading1111_965f55-7a[data-kb-block=\"kb-adv-heading1111_965f55-7a\"] img.kb-inline-image{width:150px;vertical-align:baseline;}<\/style>\n<h2 class=\"kt-adv-heading1111_965f55-7a wp-block-kadence-advancedheading\" data-kb-block=\"kb-adv-heading1111_965f55-7a\">Im Sport fungiert der Coach als Tainer:in und Betreuer:in der Sportler:innen. Ziel der T\u00e4tigkeit ist es, die ihm:ihr anvertrauten Sportler:innen zu H\u00f6chstleistungen zu f\u00fchren, indem sie gefordert und gef\u00f6rdert werden, ihre Potenziale abzurufen. <br><br>Dieses Bild kann man auf die F\u00fchrungskraft \u00fcbertragen: Sie ist Begleiter:in der Mitarbeiter:innen, unterst\u00fctzt diese in ihrer t\u00e4glichen Arbeit, steht mit Rat und Tat und all ihrer Erfahrung den Kolleg:innen zur Seite, damit sie sich Schritt f\u00fcr Schritt entwickeln und so zu wertvollen &#8222;Mitarbeiter:innen&#8220; im Team werden. <\/h2>\n<\/div><\/div>\n\n<\/div><\/div><\/div><\/div>\n\n<\/div><\/div>\n\n<style>.kb-row-layout-id1111_5143b2-dd > .kt-row-column-wrap{align-content:start;}:where(.kb-row-layout-id1111_5143b2-dd > .kt-row-column-wrap) > .wp-block-kadence-column{justify-content:start;}.kb-row-layout-id1111_5143b2-dd > .kt-row-column-wrap{column-gap:var(--global-kb-gap-md, 2rem);row-gap:var(--global-kb-gap-md, 2rem);padding-bottom:var(--global-kb-spacing-sm, 1.5rem);grid-template-columns:minmax(0, 1fr);}.kb-row-layout-id1111_5143b2-dd > .kt-row-layout-overlay{opacity:0.30;}@media all and (max-width: 1024px){.kb-row-layout-id1111_5143b2-dd > .kt-row-column-wrap{padding-top:var(--global-kb-spacing-sm, 1.5rem);grid-template-columns:minmax(0, 1fr);}}@media all and (max-width: 767px){.kb-row-layout-id1111_5143b2-dd > .kt-row-column-wrap{padding-top:var(--global-kb-spacing-sm, 1.5rem);grid-template-columns:minmax(0, 1fr);}}<\/style><div class=\"kb-row-layout-wrap kb-row-layout-id1111_5143b2-dd alignnone wp-block-kadence-rowlayout\"><div class=\"kt-row-column-wrap kt-has-1-columns kt-row-layout-equal kt-tab-layout-inherit kt-mobile-layout-row kt-row-valign-top\">\n<style>.kadence-column1111_ebba30-af > .kt-inside-inner-col,.kadence-column1111_ebba30-af > .kt-inside-inner-col:before{border-top-left-radius:0px;border-top-right-radius:0px;border-bottom-right-radius:0px;border-bottom-left-radius:0px;}.kadence-column1111_ebba30-af > .kt-inside-inner-col{column-gap:var(--global-kb-gap-sm, 1rem);}.kadence-column1111_ebba30-af > .kt-inside-inner-col{flex-direction:column;}.kadence-column1111_ebba30-af > .kt-inside-inner-col > .aligncenter{width:100%;}.kadence-column1111_ebba30-af > .kt-inside-inner-col:before{opacity:0.3;}.kadence-column1111_ebba30-af{position:relative;}@media all and (max-width: 1024px){.kadence-column1111_ebba30-af > .kt-inside-inner-col{flex-direction:column;justify-content:center;}}@media all and (max-width: 767px){.kadence-column1111_ebba30-af > .kt-inside-inner-col{flex-direction:column;justify-content:center;}}<\/style>\n<div class=\"wp-block-kadence-column kadence-column1111_ebba30-af\"><div class=\"kt-inside-inner-col\"><style>.wp-block-kadence-advancedheading.kt-adv-heading1111_0c7c5a-84, .wp-block-kadence-advancedheading.kt-adv-heading1111_0c7c5a-84[data-kb-block=\"kb-adv-heading1111_0c7c5a-84\"]{font-style:normal;}.wp-block-kadence-advancedheading.kt-adv-heading1111_0c7c5a-84 mark.kt-highlight, .wp-block-kadence-advancedheading.kt-adv-heading1111_0c7c5a-84[data-kb-block=\"kb-adv-heading1111_0c7c5a-84\"] mark.kt-highlight{font-style:normal;color:#f76a0c;-webkit-box-decoration-break:clone;box-decoration-break:clone;padding-top:0px;padding-right:0px;padding-bottom:0px;padding-left:0px;}.wp-block-kadence-advancedheading.kt-adv-heading1111_0c7c5a-84 img.kb-inline-image, .wp-block-kadence-advancedheading.kt-adv-heading1111_0c7c5a-84[data-kb-block=\"kb-adv-heading1111_0c7c5a-84\"] img.kb-inline-image{width:150px;vertical-align:baseline;}<\/style>\n<h2 class=\"kt-adv-heading1111_0c7c5a-84 wp-block-kadence-advancedheading\" data-kb-block=\"kb-adv-heading1111_0c7c5a-84\"><\/h2>\n\n\n\n<p><\/p>\n\n\n<style>.wp-block-kadence-advancedheading.kt-adv-heading1111_9aaad6-09, .wp-block-kadence-advancedheading.kt-adv-heading1111_9aaad6-09[data-kb-block=\"kb-adv-heading1111_9aaad6-09\"]{text-align:left;font-size:30px;font-style:normal;}.wp-block-kadence-advancedheading.kt-adv-heading1111_9aaad6-09 mark.kt-highlight, .wp-block-kadence-advancedheading.kt-adv-heading1111_9aaad6-09[data-kb-block=\"kb-adv-heading1111_9aaad6-09\"] mark.kt-highlight{font-style:normal;color:#f76a0c;-webkit-box-decoration-break:clone;box-decoration-break:clone;padding-top:0px;padding-right:0px;padding-bottom:0px;padding-left:0px;}.wp-block-kadence-advancedheading.kt-adv-heading1111_9aaad6-09 img.kb-inline-image, .wp-block-kadence-advancedheading.kt-adv-heading1111_9aaad6-09[data-kb-block=\"kb-adv-heading1111_9aaad6-09\"] img.kb-inline-image{width:150px;vertical-align:baseline;}<\/style>\n<h2 class=\"kt-adv-heading1111_9aaad6-09 wp-block-kadence-advancedheading\" data-kb-block=\"kb-adv-heading1111_9aaad6-09\">Inhalte<\/h2>\n\n\n<style>.kb-row-layout-id1111_9b836a-7e > .kt-row-column-wrap{align-content:center;}:where(.kb-row-layout-id1111_9b836a-7e > .kt-row-column-wrap) > .wp-block-kadence-column{justify-content:center;}.kb-row-layout-id1111_9b836a-7e > .kt-row-column-wrap{column-gap:var(--global-kb-gap-md, 2rem);row-gap:var(--global-kb-gap-md, 2rem);padding-top:var(--global-kb-spacing-sm, 1.5rem);padding-bottom:var(--global-kb-spacing-xxl, 5rem);grid-template-columns:minmax(0, calc(50% - ((var(--global-kb-gap-md, 2rem) * 1 )\/2)))minmax(0, calc(50% - ((var(--global-kb-gap-md, 2rem) * 1 )\/2)));}.kb-row-layout-id1111_9b836a-7e > .kt-row-layout-overlay{opacity:0.30;}@media all and (max-width: 1024px){.kb-row-layout-id1111_9b836a-7e > .kt-row-column-wrap{padding-bottom:var(--global-kb-spacing-lg, 3rem);grid-template-columns:repeat(2, minmax(0, 1fr));}}@media all and (max-width: 767px){.kb-row-layout-id1111_9b836a-7e > .kt-row-column-wrap{grid-template-columns:minmax(0, 1fr);}}<\/style><div class=\"kb-row-layout-wrap kb-row-layout-id1111_9b836a-7e alignnone wp-block-kadence-rowlayout\"><div class=\"kt-row-column-wrap kt-has-2-columns kt-row-layout-equal kt-tab-layout-inherit kt-mobile-layout-row kt-row-valign-middle\">\n<style>.kadence-column1111_4cf4db-de > .kt-inside-inner-col,.kadence-column1111_4cf4db-de > .kt-inside-inner-col:before{border-top-left-radius:0px;border-top-right-radius:0px;border-bottom-right-radius:0px;border-bottom-left-radius:0px;}.kadence-column1111_4cf4db-de > .kt-inside-inner-col{column-gap:var(--global-kb-gap-sm, 1rem);}.kadence-column1111_4cf4db-de > .kt-inside-inner-col{flex-direction:column;}.kadence-column1111_4cf4db-de > .kt-inside-inner-col > .aligncenter{width:100%;}.kadence-column1111_4cf4db-de > .kt-inside-inner-col:before{opacity:0.3;}.kadence-column1111_4cf4db-de{position:relative;}@media all and (max-width: 1024px){.kadence-column1111_4cf4db-de > .kt-inside-inner-col{flex-direction:column;justify-content:center;}}@media all and (max-width: 767px){.kadence-column1111_4cf4db-de > .kt-inside-inner-col{flex-direction:column;justify-content:center;}}<\/style>\n<div class=\"wp-block-kadence-column kadence-column1111_4cf4db-de\"><div class=\"kt-inside-inner-col\">\n<ul class=\"wp-block-list\">\n<li class=\"has-medium-font-size\">Coaching: Ein inflation\u00e4r verwendeter Begriff <\/li>\n\n\n\n<li class=\"has-medium-font-size\">Der Nutzen von Coaching-Werkzeugen f\u00fcr Ihre T\u00e4tigkeit als F\u00fchrungskraft <\/li>\n\n\n\n<li class=\"has-medium-font-size\">Vorsicht Falle: Worauf muss ich als F\u00fchrungskraft achten, wenn ich als Coach agiere? <\/li>\n\n\n\n<li class=\"has-medium-font-size\">Werkzeuge f\u00fcr Coaching (Fragetechnik, Feedback geben, Zieldefinition und -erreichung&#8230;) <\/li>\n\n\n\n<li class=\"has-medium-font-size\">\u00dcbungen und Rollenspiele, um Haltungen und Werkzeuge des Coachings zu trainieren <\/li>\n\n\n\n<li class=\"has-medium-font-size\">Erfahrungsaustausch und Fallbearbeitungen <\/li>\n<\/ul>\n\n\n\n<p><\/p>\n<\/div><\/div>\n\n\n<style>.kadence-column1111_6bd6f0-36 > .kt-inside-inner-col,.kadence-column1111_6bd6f0-36 > .kt-inside-inner-col:before{border-top-left-radius:0px;border-top-right-radius:0px;border-bottom-right-radius:0px;border-bottom-left-radius:0px;}.kadence-column1111_6bd6f0-36 > .kt-inside-inner-col{column-gap:var(--global-kb-gap-sm, 1rem);}.kadence-column1111_6bd6f0-36 > .kt-inside-inner-col{flex-direction:column;}.kadence-column1111_6bd6f0-36 > .kt-inside-inner-col > .aligncenter{width:100%;}.kadence-column1111_6bd6f0-36 > .kt-inside-inner-col:before{opacity:0.3;}.kadence-column1111_6bd6f0-36{position:relative;}@media all and (max-width: 1024px){.kadence-column1111_6bd6f0-36 > .kt-inside-inner-col{flex-direction:column;justify-content:center;}}@media all and (max-width: 767px){.kadence-column1111_6bd6f0-36 > .kt-inside-inner-col{flex-direction:column;justify-content:center;}}<\/style>\n<div class=\"wp-block-kadence-column kadence-column1111_6bd6f0-36\"><div class=\"kt-inside-inner-col\">\n<p class=\"has-medium-font-size\"><strong>Dieses Seminar dient <\/strong><\/p>\n\n\n\n<ul class=\"wp-block-list\">\n<li class=\"has-medium-font-size\">der Vermittlung der wichtigsten &#8222;theoretischen&#8220; Informationen zum Thema Coaching <\/li>\n\n\n\n<li class=\"has-medium-font-size\">zur Kl\u00e4rung Ihrer Rolle im Spannungsfeld Vorgesetzte:r-Coach <\/li>\n\n\n\n<li class=\"has-medium-font-size\">dem Erfahrungsaustausch <\/li>\n\n\n\n<li class=\"has-medium-font-size\">dem \u00dcben diverser Werkzeuge, die Sie bei der Aus\u00fcbung Ihrer T\u00e4tigkeit unterst\u00fctzen<\/li>\n<\/ul>\n<\/div><\/div>\n\n<\/div><\/div><\/div><\/div>\n\n<\/div><\/div>\n\n\n<div class=\"wp-block-buttons is-layout-flex wp-block-buttons-is-layout-flex\">\n<div class=\"wp-block-button\"><a class=\"wp-block-button__link wp-element-button\" href=\"https:\/\/www.activity.co.at\/?page_id=24\">Zur\u00fcck<\/a><\/div>\n<\/div>\n\n\n\n<p><\/p>\n","protected":false},"excerpt":{"rendered":"<p>Coaching-Werkzeuge f\u00fcr F\u00fchrungskr\u00e4fte Wie Sie Ihre Mitarbeiter:innen optimal entwickeln Im Sport fungiert der Coach als Tainer:in und Betreuer:in der Sportler:innen. Ziel der T\u00e4tigkeit ist es, die ihm:ihr anvertrauten Sportler:innen zu H\u00f6chstleistungen zu f\u00fchren, indem sie gefordert und gef\u00f6rdert werden, ihre Potenziale abzurufen. Dieses Bild kann man auf die F\u00fchrungskraft \u00fcbertragen: Sie ist Begleiter:in der Mitarbeiter:innen,&#8230;<\/p>\n","protected":false},"author":1,"featured_media":0,"parent":0,"menu_order":0,"comment_status":"closed","ping_status":"closed","template":"","meta":{"_kadence_starter_templates_imported_post":true,"_kad_post_transparent":"default","_kad_post_title":"","_kad_post_layout":"normal","_kad_post_sidebar_id":"","_kad_post_content_style":"default","_kad_post_vertical_padding":"","_kad_post_feature":"","_kad_post_feature_position":"","_kad_post_header":false,"_kad_post_footer":false,"footnotes":""},"class_list":["post-1111","page","type-page","status-publish","hentry"],"_links":{"self":[{"href":"https:\/\/www.activity.co.at\/index.php?rest_route=\/wp\/v2\/pages\/1111","targetHints":{"allow":["GET"]}}],"collection":[{"href":"https:\/\/www.activity.co.at\/index.php?rest_route=\/wp\/v2\/pages"}],"about":[{"href":"https:\/\/www.activity.co.at\/index.php?rest_route=\/wp\/v2\/types\/page"}],"author":[{"embeddable":true,"href":"https:\/\/www.activity.co.at\/index.php?rest_route=\/wp\/v2\/users\/1"}],"replies":[{"embeddable":true,"href":"https:\/\/www.activity.co.at\/index.php?rest_route=%2Fwp%2Fv2%2Fcomments&post=1111"}],"version-history":[{"count":5,"href":"https:\/\/www.activity.co.at\/index.php?rest_route=\/wp\/v2\/pages\/1111\/revisions"}],"predecessor-version":[{"id":1296,"href":"https:\/\/www.activity.co.at\/index.php?rest_route=\/wp\/v2\/pages\/1111\/revisions\/1296"}],"wp:attachment":[{"href":"https:\/\/www.activity.co.at\/index.php?rest_route=%2Fwp%2Fv2%2Fmedia&parent=1111"}],"curies":[{"name":"wp","href":"https:\/\/api.w.org\/{rel}","templated":true}]}}