{"id":16,"date":"2023-04-20T16:17:21","date_gmt":"2023-04-20T16:17:21","guid":{"rendered":"https:\/\/every.studiogirl.com\/?page_id=16"},"modified":"2025-05-08T14:01:24","modified_gmt":"2025-05-08T14:01:24","slug":"home","status":"publish","type":"page","link":"https:\/\/www.activity.co.at\/","title":{"rendered":"Home"},"content":{"rendered":"<style>.kb-row-layout-wrap.wp-block-kadence-rowlayout.kb-row-layout-id16_b969f2-be{margin-bottom:0px;}.kb-row-layout-id16_b969f2-be > .kt-row-column-wrap{align-content:start;}:where(.kb-row-layout-id16_b969f2-be > .kt-row-column-wrap) > .wp-block-kadence-column{justify-content:start;}.kb-row-layout-id16_b969f2-be > .kt-row-column-wrap{column-gap:var(--global-kb-gap-md, 2rem);row-gap:var(--global-kb-gap-md, 2rem);max-width:var( --global-content-width, 1290px );padding-left:var(--global-content-edge-padding);padding-right:var(--global-content-edge-padding);grid-template-columns:minmax(0, 1fr);}.kb-row-layout-id16_b969f2-be > .kt-row-layout-overlay{opacity:0.30;}@media all and (max-width: 1024px){.kb-row-layout-id16_b969f2-be > .kt-row-column-wrap{grid-template-columns:minmax(0, 1fr);}}@media all and (max-width: 767px){.kb-row-layout-id16_b969f2-be > .kt-row-column-wrap{grid-template-columns:minmax(0, 1fr);}}<\/style><div class=\"kb-row-layout-wrap kb-row-layout-id16_b969f2-be alignfull has-theme-palette9-background-color kt-row-has-bg wp-block-kadence-rowlayout\"><div class=\"kt-row-column-wrap kt-has-1-columns kt-row-layout-equal kt-tab-layout-inherit kt-mobile-layout-row kt-row-valign-top kb-theme-content-width\">\n<style>.kadence-column16_5afeb2-63 > .kt-inside-inner-col,.kadence-column16_5afeb2-63 > .kt-inside-inner-col:before{border-top-left-radius:0px;border-top-right-radius:0px;border-bottom-right-radius:0px;border-bottom-left-radius:0px;}.kadence-column16_5afeb2-63 > .kt-inside-inner-col{column-gap:var(--global-kb-gap-sm, 1rem);}.kadence-column16_5afeb2-63 > .kt-inside-inner-col{flex-direction:column;}.kadence-column16_5afeb2-63 > .kt-inside-inner-col > .aligncenter{width:100%;}.kadence-column16_5afeb2-63 > .kt-inside-inner-col:before{opacity:0.3;}.kadence-column16_5afeb2-63{position:relative;}@media all and (max-width: 1024px){.kadence-column16_5afeb2-63 > .kt-inside-inner-col{flex-direction:column;justify-content:center;}}@media all and (max-width: 767px){.kadence-column16_5afeb2-63 > .kt-inside-inner-col{flex-direction:column;justify-content:center;}}<\/style>\n<div class=\"wp-block-kadence-column kadence-column16_5afeb2-63\"><div class=\"kt-inside-inner-col\"><\/div><\/div>\n\n<\/div><\/div>\n\n<style>.kb-row-layout-id16_f1fe19-be > .kt-row-column-wrap{align-content:start;}:where(.kb-row-layout-id16_f1fe19-be > .kt-row-column-wrap) > .wp-block-kadence-column{justify-content:start;}.kb-row-layout-id16_f1fe19-be > .kt-row-column-wrap{column-gap:var(--global-kb-gap-none, 0rem );row-gap:var(--global-kb-gap-none, 0rem );max-width:var( --global-content-width, 1290px );padding-left:var(--global-content-edge-padding);padding-right:var(--global-content-edge-padding);padding-top:var(--global-kb-spacing-sm, 1.5rem);padding-bottom:var(--global-kb-spacing-sm, 1.5rem);}.kb-row-layout-id16_f1fe19-be > .kt-row-column-wrap > div:not(.added-for-specificity){grid-column:initial;}.kb-row-layout-id16_f1fe19-be > .kt-row-column-wrap{grid-template-columns:minmax(0, 1fr);}.kb-row-layout-id16_f1fe19-be > .kt-row-layout-overlay{opacity:0.30;}@media all and (max-width: 1024px){.kb-row-layout-id16_f1fe19-be > .kt-row-column-wrap > div:not(.added-for-specificity){grid-column:initial;}}@media all and (max-width: 1024px){.kb-row-layout-id16_f1fe19-be > .kt-row-column-wrap{grid-template-columns:minmax(0, 1fr);}}@media all and (max-width: 767px){.kb-row-layout-id16_f1fe19-be > .kt-row-column-wrap > div:not(.added-for-specificity){grid-column:initial;}.kb-row-layout-id16_f1fe19-be > .kt-row-column-wrap{grid-template-columns:minmax(0, 1fr);}}<\/style><div class=\"kb-row-layout-wrap kb-row-layout-id16_f1fe19-be alignfull has-theme-palette8-background-color kt-row-has-bg wp-block-kadence-rowlayout\"><div class=\"kt-row-column-wrap kt-has-3-columns kt-row-layout-row kt-tab-layout-inherit kt-mobile-layout-row kt-row-valign-top kb-theme-content-width\">\n<style>.kadence-column16_af71ce-92 > .kt-inside-inner-col{padding-right:0px;padding-left:0px;}.kadence-column16_af71ce-92 > .kt-inside-inner-col,.kadence-column16_af71ce-92 > .kt-inside-inner-col:before{border-top-left-radius:0px;border-top-right-radius:0px;border-bottom-right-radius:0px;border-bottom-left-radius:0px;}.kadence-column16_af71ce-92 > .kt-inside-inner-col{column-gap:var(--global-kb-gap-sm, 1rem);}.kadence-column16_af71ce-92 > .kt-inside-inner-col{flex-direction:column;}.kadence-column16_af71ce-92 > .kt-inside-inner-col > .aligncenter{width:100%;}.kadence-column16_af71ce-92 > .kt-inside-inner-col:before{opacity:0.3;}.kadence-column16_af71ce-92{position:relative;}@media all and (max-width: 1024px){.kadence-column16_af71ce-92 > .kt-inside-inner-col{flex-direction:column;justify-content:center;}}@media all and (max-width: 767px){.kadence-column16_af71ce-92 > .kt-inside-inner-col{flex-direction:column;justify-content:center;}}<\/style>\n<div class=\"wp-block-kadence-column kadence-column16_af71ce-92\"><div class=\"kt-inside-inner-col\"><style>.kb-image16_b6a655-dd .kb-image-has-overlay:after{opacity:0.3;}.kb-image16_b6a655-dd img.kb-img, .kb-image16_b6a655-dd .kb-img img{object-position:56.99999999999999% 56.99999999999999%;}<\/style>\n<figure class=\"wp-block-kadence-image kb-image16_b6a655-dd alignfull size-large kb-image-is-ratio-size\"><div class=\"kb-is-ratio-image kb-image-ratio-land41\"><img loading=\"lazy\" decoding=\"async\" width=\"1024\" height=\"683\" src=\"https:\/\/www.activity.co.at\/wp-content\/uploads\/2025\/02\/ai-generated-9015588_1920-1-1024x683.jpg\" alt=\"\" class=\"kb-img wp-image-1077\" srcset=\"https:\/\/www.activity.co.at\/wp-content\/uploads\/2025\/02\/ai-generated-9015588_1920-1-1024x683.jpg 1024w, https:\/\/www.activity.co.at\/wp-content\/uploads\/2025\/02\/ai-generated-9015588_1920-1-300x200.jpg 300w, https:\/\/www.activity.co.at\/wp-content\/uploads\/2025\/02\/ai-generated-9015588_1920-1-768x512.jpg 768w, https:\/\/www.activity.co.at\/wp-content\/uploads\/2025\/02\/ai-generated-9015588_1920-1-1536x1024.jpg 1536w, https:\/\/www.activity.co.at\/wp-content\/uploads\/2025\/02\/ai-generated-9015588_1920-1.jpg 1920w\" sizes=\"auto, (max-width: 1024px) 100vw, 1024px\" \/><\/div><\/figure>\n<\/div><\/div>\n\n\n<style>.kadence-column16_f704f3-73 > .kt-inside-inner-col{padding-top:var(--global-kb-spacing-lg, 3rem);padding-bottom:var(--global-kb-spacing-sm, 1.5rem);}.kadence-column16_f704f3-73 > .kt-inside-inner-col,.kadence-column16_f704f3-73 > .kt-inside-inner-col:before{border-top-left-radius:0px;border-top-right-radius:0px;border-bottom-right-radius:0px;border-bottom-left-radius:0px;}.kadence-column16_f704f3-73 > .kt-inside-inner-col{column-gap:var(--global-kb-gap-sm, 1rem);}.kadence-column16_f704f3-73 > .kt-inside-inner-col{flex-direction:column;}.kadence-column16_f704f3-73 > .kt-inside-inner-col > .aligncenter{width:100%;}.kadence-column16_f704f3-73 > .kt-inside-inner-col:before{opacity:0.3;}.kadence-column16_f704f3-73{position:relative;}@media all and (max-width: 1024px){.kadence-column16_f704f3-73 > .kt-inside-inner-col{flex-direction:column;justify-content:center;}}@media all and (max-width: 767px){.kadence-column16_f704f3-73 > .kt-inside-inner-col{flex-direction:column;justify-content:center;}}<\/style>\n<div class=\"wp-block-kadence-column kadence-column16_f704f3-73\"><div class=\"kt-inside-inner-col\"><style>.wp-block-kadence-advancedheading.kt-adv-heading16_9fddd9-65, .wp-block-kadence-advancedheading.kt-adv-heading16_9fddd9-65[data-kb-block=\"kb-adv-heading16_9fddd9-65\"]{text-align:right;font-size:var(--global-kb-font-size-xl, 3rem);line-height:1;font-style:normal;}.wp-block-kadence-advancedheading.kt-adv-heading16_9fddd9-65[data-kb-block=\"kb-adv-heading16_9fddd9-65\"]{display:flex;gap:0.25em;justify-content:right;align-items:center;}.wp-block-kadence-advancedheading.kt-adv-heading16_9fddd9-65[data-kb-block=\"kb-adv-heading16_9fddd9-65\"] .kb-adv-heading-icon svg{width:1em;height:1em;}.wp-block-kadence-advancedheading.kt-adv-heading16_9fddd9-65[data-kb-block=\"kb-adv-heading16_9fddd9-65\"] .kb-adv-heading-icon{color:var(--global-palette3, #1A202C);font-size:48px;}.wp-block-kadence-advancedheading.kt-adv-heading16_9fddd9-65[data-kb-block=\"kb-adv-heading16_9fddd9-65\"]:hover .kb-adv-heading-icon{color:var(--global-palette5, #4A5568);}.wp-block-kadence-advancedheading.kt-adv-heading16_9fddd9-65 mark.kt-highlight, .wp-block-kadence-advancedheading.kt-adv-heading16_9fddd9-65[data-kb-block=\"kb-adv-heading16_9fddd9-65\"] mark.kt-highlight{font-style:normal;color:#f76a0c;-webkit-box-decoration-break:clone;box-decoration-break:clone;padding-top:0px;padding-right:0px;padding-bottom:0px;padding-left:0px;}.wp-block-kadence-advancedheading.kt-adv-heading16_9fddd9-65 img.kb-inline-image, .wp-block-kadence-advancedheading.kt-adv-heading16_9fddd9-65[data-kb-block=\"kb-adv-heading16_9fddd9-65\"] img.kb-inline-image{width:150px;vertical-align:baseline;}@media all and (max-width: 1024px){.wp-block-kadence-advancedheading.kt-adv-heading16_9fddd9-65, .wp-block-kadence-advancedheading.kt-adv-heading16_9fddd9-65[data-kb-block=\"kb-adv-heading16_9fddd9-65\"]{font-size:var(--global-kb-font-size-xxl, 4rem);}}@media all and (max-width: 1024px){.wp-block-kadence-advancedheading.kt-adv-heading16_9fddd9-65[data-kb-block=\"kb-adv-heading16_9fddd9-65\"] .kb-adv-heading-icon{font-size:34px;}}<\/style><h2 class=\"kt-adv-heading16_9fddd9-65 wp-block-kadence-advancedheading kt-adv-heading-has-icon has-theme-palette3-color has-text-color\" data-kb-block=\"kb-adv-heading16_9fddd9-65\"><span class=\"kb-adv-text-inner\">Wof\u00fcr steht activity?<\/span><span class=\"kb-svg-icon-wrap kb-adv-heading-icon kb-svg-icon-fe_arrowDownCircle kb-adv-heading-icon-side-right\"><svg viewBox=\"0 0 24 24\"  fill=\"none\" stroke=\"currentColor\" stroke-width=\"2\" stroke-linecap=\"round\" stroke-linejoin=\"round\" xmlns=\"http:\/\/www.w3.org\/2000\/svg\"  aria-hidden=\"true\"><circle cx=\"12\" cy=\"12\" r=\"10\"\/><polyline points=\"8 12 12 16 16 12\"\/><line x1=\"12\" y1=\"8\" x2=\"12\" y2=\"16\"\/><\/svg><\/span><\/h2><\/div><\/div>\n\n\n<style>.kadence-column16_21b48c-dd > .kt-inside-inner-col,.kadence-column16_21b48c-dd > .kt-inside-inner-col:before{border-top-left-radius:0px;border-top-right-radius:0px;border-bottom-right-radius:0px;border-bottom-left-radius:0px;}.kadence-column16_21b48c-dd > .kt-inside-inner-col{column-gap:var(--global-kb-gap-sm, 1rem);}.kadence-column16_21b48c-dd > .kt-inside-inner-col{flex-direction:column;}.kadence-column16_21b48c-dd > .kt-inside-inner-col > .aligncenter{width:100%;}.kadence-column16_21b48c-dd > .kt-inside-inner-col:before{opacity:0.3;}.kadence-column16_21b48c-dd{position:relative;}@media all and (max-width: 1024px){.kadence-column16_21b48c-dd > .kt-inside-inner-col{flex-direction:column;justify-content:center;}}@media all and (max-width: 767px){.kadence-column16_21b48c-dd > .kt-inside-inner-col{flex-direction:column;justify-content:center;}}<\/style>\n<div class=\"wp-block-kadence-column kadence-column16_21b48c-dd\"><div class=\"kt-inside-inner-col\"><\/div><\/div>\n\n<\/div><\/div>\n\n<style>.kb-row-layout-id16_467189-57 > .kt-row-column-wrap{align-content:start;}:where(.kb-row-layout-id16_467189-57 > .kt-row-column-wrap) > .wp-block-kadence-column{justify-content:start;}.kb-row-layout-id16_467189-57 > .kt-row-column-wrap{column-gap:var(--global-kb-gap-lg, 4rem);row-gap:var(--global-kb-gap-md, 2rem);max-width:var( --global-content-width, 1290px );padding-left:var(--global-content-edge-padding);padding-right:var(--global-content-edge-padding);padding-top:var(--global-kb-spacing-xl, 4rem);padding-bottom:var(--global-kb-spacing-xl, 4rem);grid-template-columns:minmax(0, calc(65% - ((var(--global-kb-gap-lg, 4rem) * 1 )\/2)))minmax(0, calc(35% - ((var(--global-kb-gap-lg, 4rem) * 1 )\/2)));}.kb-row-layout-id16_467189-57 > .kt-row-layout-overlay{opacity:0.30;}.kb-row-layout-id16_467189-57 ,.kb-row-layout-id16_467189-57 h1,.kb-row-layout-id16_467189-57 h2,.kb-row-layout-id16_467189-57 h3,.kb-row-layout-id16_467189-57 h4,.kb-row-layout-id16_467189-57 h5,.kb-row-layout-id16_467189-57 h6{color:var(--global-palette3, #1A202C);}.kb-row-layout-id16_467189-57 a{color:var(--global-palette4, #2D3748);}.kb-row-layout-id16_467189-57 a:hover{color:var(--global-palette5, #4A5568);}@media all and (max-width: 1024px){.kb-row-layout-id16_467189-57 > .kt-row-column-wrap{grid-template-columns:repeat(2, minmax(0, 1fr));}}@media all and (max-width: 767px){.kb-row-layout-id16_467189-57 > .kt-row-column-wrap{grid-template-columns:minmax(0, 1fr);}}<\/style><div class=\"kb-row-layout-wrap kb-row-layout-id16_467189-57 alignfull has-theme-palette8-background-color kt-row-has-bg wp-block-kadence-rowlayout\"><div class=\"kt-row-column-wrap kt-has-2-columns kt-row-layout-equal kt-tab-layout-inherit kt-mobile-layout-row kt-row-valign-top kb-theme-content-width\">\n<style>.kadence-column16_7b0c65-4d > .kt-inside-inner-col,.kadence-column16_7b0c65-4d > .kt-inside-inner-col:before{border-top-left-radius:0px;border-top-right-radius:0px;border-bottom-right-radius:0px;border-bottom-left-radius:0px;}.kadence-column16_7b0c65-4d > .kt-inside-inner-col{column-gap:var(--global-kb-gap-sm, 1rem);}.kadence-column16_7b0c65-4d > .kt-inside-inner-col{flex-direction:column;}.kadence-column16_7b0c65-4d > .kt-inside-inner-col > .aligncenter{width:100%;}.kadence-column16_7b0c65-4d > .kt-inside-inner-col:before{opacity:0.3;}.kadence-column16_7b0c65-4d{position:relative;}@media all and (max-width: 1024px){.kadence-column16_7b0c65-4d > .kt-inside-inner-col{flex-direction:column;justify-content:center;}}@media all and (max-width: 767px){.kadence-column16_7b0c65-4d > .kt-inside-inner-col{flex-direction:column;justify-content:center;}}<\/style>\n<div class=\"wp-block-kadence-column kadence-column16_7b0c65-4d\"><div class=\"kt-inside-inner-col\"><style>.wp-block-kadence-advancedheading.kt-adv-heading16_3a9a17-d2, .wp-block-kadence-advancedheading.kt-adv-heading16_3a9a17-d2[data-kb-block=\"kb-adv-heading16_3a9a17-d2\"]{font-style:normal;}.wp-block-kadence-advancedheading.kt-adv-heading16_3a9a17-d2 mark.kt-highlight, .wp-block-kadence-advancedheading.kt-adv-heading16_3a9a17-d2[data-kb-block=\"kb-adv-heading16_3a9a17-d2\"] mark.kt-highlight{font-style:normal;color:#f76a0c;-webkit-box-decoration-break:clone;box-decoration-break:clone;padding-top:0px;padding-right:0px;padding-bottom:0px;padding-left:0px;}.wp-block-kadence-advancedheading.kt-adv-heading16_3a9a17-d2 img.kb-inline-image, .wp-block-kadence-advancedheading.kt-adv-heading16_3a9a17-d2[data-kb-block=\"kb-adv-heading16_3a9a17-d2\"] img.kb-inline-image{width:150px;vertical-align:baseline;}<\/style>\n<p class=\"kt-adv-heading16_3a9a17-d2 wp-block-kadence-advancedheading\" data-kb-block=\"kb-adv-heading16_3a9a17-d2\">\u00bb Wir haben ein\u00a0<strong>systemisches Beratungsverst\u00e4ndnis<\/strong>, betrachten bei der Begleitung des:der Einzelnen den gr\u00f6\u00dferen Rahmen, in dem er:sie sich bewegt (den Arbeitskontext,\u00a0 die Rolle und die Funktion in der Dynamik der Organisation \u2026) und wir verlieren in der Beratung von Systemen nie den einzelnen Menschen aus dem Auge.<br><br>\u00bb [ activity ] steht seit nunmehr drei Jahrzehnten f\u00fcr eine\u00a0<strong>ganzheitliche Auseinandersetzung mit dem Thema &#8222;Gesundheit&#8220;.<\/strong>\u00a0Die daraus gewonnenen Erfahrungen (Konzentration auf Ressourcen und L\u00f6sungen, salutogenetischer Ansatz &#8230;) leiten uns auch bei der Begleitung von Organisationen und Menschen.<br><br>\u00bb\u00a0<strong>Wir arbeiten ziel- und entwicklungsorientiert<\/strong>\u00a0an den Bed\u00fcrfnissen und Bedarfen von Menschen und Systemen. Eine gute Balance zu wahren zwischen dem Sichern von Bew\u00e4hrtem und dem Entwerfen, Entwickeln und Er-Finden von Neuem ist uns dabei wichtig. Der\u00a0<strong>Transfer\u00a0<\/strong>des in der Beratung und im Training Erarbeiteten in den\u00a0<strong>betrieblichen Alltag<\/strong>\u00a0ist integraler Bestandteil unseres Vorgehens.<br><br>\u00bb Wir achten in der Planung und Begleitung der Lernprozesse auf das Einbeziehen der Emotionen (&#8222;Logik der Gef\u00fchle&#8220;) und bauen daher f\u00fcr ein f\u00f6rderliches Lernklima Bewegungseinheiten und spielerische Sequenzen ein.\u00a0<strong>Wir organisieren ein Lernen mit allen Sinnen.<\/strong><\/p>\n<\/div><\/div>\n\n\n<style>.kadence-column16_96813b-4c > .kt-inside-inner-col,.kadence-column16_96813b-4c > .kt-inside-inner-col:before{border-top-left-radius:0px;border-top-right-radius:0px;border-bottom-right-radius:0px;border-bottom-left-radius:0px;}.kadence-column16_96813b-4c > .kt-inside-inner-col{column-gap:var(--global-kb-gap-sm, 1rem);}.kadence-column16_96813b-4c > .kt-inside-inner-col{flex-direction:column;}.kadence-column16_96813b-4c > .kt-inside-inner-col > .aligncenter{width:100%;}.kadence-column16_96813b-4c > .kt-inside-inner-col:before{opacity:0.3;}.kadence-column16_96813b-4c{position:relative;}@media all and (max-width: 1024px){.kadence-column16_96813b-4c > .kt-inside-inner-col{flex-direction:column;justify-content:center;}}@media all and (max-width: 767px){.kadence-column16_96813b-4c > .kt-inside-inner-col{flex-direction:column;justify-content:center;}}<\/style>\n<div class=\"wp-block-kadence-column kadence-column16_96813b-4c\"><div class=\"kt-inside-inner-col\"><\/div><\/div>\n\n<\/div><\/div>\n\n\n<p><\/p>\n","protected":false},"excerpt":{"rendered":"<p>Wof\u00fcr steht activity? \u00bb Wir haben ein\u00a0systemisches Beratungsverst\u00e4ndnis, betrachten bei der Begleitung des:der Einzelnen den gr\u00f6\u00dferen Rahmen, in dem er:sie sich bewegt (den Arbeitskontext,\u00a0 die Rolle und die Funktion in der Dynamik der Organisation \u2026) und wir verlieren in der Beratung von Systemen nie den einzelnen Menschen aus dem Auge. \u00bb [ activity ] steht&#8230;<\/p>\n","protected":false},"author":1,"featured_media":0,"parent":0,"menu_order":0,"comment_status":"closed","ping_status":"closed","template":"","meta":{"_kadence_starter_templates_imported_post":true,"_kad_post_transparent":"default","_kad_post_title":"","_kad_post_layout":"","_kad_post_sidebar_id":"","_kad_post_content_style":"","_kad_post_vertical_padding":"","_kad_post_feature":"","_kad_post_feature_position":"","_kad_post_header":false,"_kad_post_footer":false,"footnotes":""},"class_list":["post-16","page","type-page","status-publish","hentry"],"_links":{"self":[{"href":"https:\/\/www.activity.co.at\/index.php?rest_route=\/wp\/v2\/pages\/16","targetHints":{"allow":["GET"]}}],"collection":[{"href":"https:\/\/www.activity.co.at\/index.php?rest_route=\/wp\/v2\/pages"}],"about":[{"href":"https:\/\/www.activity.co.at\/index.php?rest_route=\/wp\/v2\/types\/page"}],"author":[{"embeddable":true,"href":"https:\/\/www.activity.co.at\/index.php?rest_route=\/wp\/v2\/users\/1"}],"replies":[{"embeddable":true,"href":"https:\/\/www.activity.co.at\/index.php?rest_route=%2Fwp%2Fv2%2Fcomments&post=16"}],"version-history":[{"count":23,"href":"https:\/\/www.activity.co.at\/index.php?rest_route=\/wp\/v2\/pages\/16\/revisions"}],"predecessor-version":[{"id":1280,"href":"https:\/\/www.activity.co.at\/index.php?rest_route=\/wp\/v2\/pages\/16\/revisions\/1280"}],"wp:attachment":[{"href":"https:\/\/www.activity.co.at\/index.php?rest_route=%2Fwp%2Fv2%2Fmedia&parent=16"}],"curies":[{"name":"wp","href":"https:\/\/api.w.org\/{rel}","templated":true}]}}