{"id":816,"date":"2025-02-21T13:31:07","date_gmt":"2025-02-21T13:31:07","guid":{"rendered":"https:\/\/www.activity.co.at\/admin\/?page_id=816"},"modified":"2025-04-03T14:43:19","modified_gmt":"2025-04-03T14:43:19","slug":"sissi-roethel-zisser","status":"publish","type":"page","link":"https:\/\/www.activity.co.at\/?page_id=816","title":{"rendered":"Sissi Sattler-Zisser; MsC"},"content":{"rendered":"\n<h1 class=\"wp-block-heading\"><\/h1>\n\n\n<style>.kb-row-layout-id816_364565-31 > .kt-row-column-wrap{align-content:start;}:where(.kb-row-layout-id816_364565-31 > .kt-row-column-wrap) > .wp-block-kadence-column{justify-content:start;}.kb-row-layout-id816_364565-31 > .kt-row-column-wrap{column-gap:var(--global-kb-gap-none, 0rem );row-gap:var(--global-kb-gap-none, 0rem );max-width:var( --global-content-width, 1290px );padding-left:var(--global-content-edge-padding);padding-right:var(--global-content-edge-padding);padding-top:var(--global-kb-spacing-3xl, 6.5rem);padding-bottom:var(--global-kb-spacing-md, 2rem);}.kb-row-layout-id816_364565-31 > .kt-row-column-wrap > div:not(.added-for-specificity){grid-column:initial;}.kb-row-layout-id816_364565-31 > .kt-row-column-wrap{grid-template-columns:minmax(0, 1fr);}.kb-row-layout-id816_364565-31 > .kt-row-layout-overlay{opacity:0.30;}@media all and (max-width: 1024px){.kb-row-layout-id816_364565-31 > .kt-row-column-wrap > div:not(.added-for-specificity){grid-column:initial;}}@media all and (max-width: 1024px){.kb-row-layout-id816_364565-31 > .kt-row-column-wrap{grid-template-columns:minmax(0, 1fr);}}@media all and (max-width: 767px){.kb-row-layout-id816_364565-31 > .kt-row-column-wrap > div:not(.added-for-specificity){grid-column:initial;}.kb-row-layout-id816_364565-31 > .kt-row-column-wrap{grid-template-columns:minmax(0, 1fr);}}<\/style><div class=\"kb-row-layout-wrap kb-row-layout-id816_364565-31 alignfull has-theme-palette8-background-color kt-row-has-bg wp-block-kadence-rowlayout\"><div class=\"kt-row-column-wrap kt-has-3-columns kt-row-layout-row kt-tab-layout-inherit kt-mobile-layout-row kt-row-valign-top kb-theme-content-width\">\n<style>.kadence-column816_9f18a4-27 > .kt-inside-inner-col{padding-right:0px;padding-left:0px;}.kadence-column816_9f18a4-27 > .kt-inside-inner-col,.kadence-column816_9f18a4-27 > .kt-inside-inner-col:before{border-top-left-radius:0px;border-top-right-radius:0px;border-bottom-right-radius:0px;border-bottom-left-radius:0px;}.kadence-column816_9f18a4-27 > .kt-inside-inner-col{column-gap:var(--global-kb-gap-sm, 1rem);}.kadence-column816_9f18a4-27 > .kt-inside-inner-col{flex-direction:column;}.kadence-column816_9f18a4-27 > .kt-inside-inner-col > .aligncenter{width:100%;}.kadence-column816_9f18a4-27 > .kt-inside-inner-col:before{opacity:0.3;}.kadence-column816_9f18a4-27{position:relative;}@media all and (max-width: 1024px){.kadence-column816_9f18a4-27 > .kt-inside-inner-col{flex-direction:column;justify-content:center;}}@media all and (max-width: 767px){.kadence-column816_9f18a4-27 > .kt-inside-inner-col{flex-direction:column;justify-content:center;}}<\/style>\n<div class=\"wp-block-kadence-column kadence-column816_9f18a4-27\"><div class=\"kt-inside-inner-col\"><\/div><\/div>\n\n\n<style>.kadence-column816_65f3ec-05 > .kt-inside-inner-col,.kadence-column816_65f3ec-05 > .kt-inside-inner-col:before{border-top-left-radius:0px;border-top-right-radius:0px;border-bottom-right-radius:0px;border-bottom-left-radius:0px;}.kadence-column816_65f3ec-05 > .kt-inside-inner-col{column-gap:var(--global-kb-gap-sm, 1rem);}.kadence-column816_65f3ec-05 > .kt-inside-inner-col{flex-direction:column;}.kadence-column816_65f3ec-05 > .kt-inside-inner-col > .aligncenter{width:100%;}.kadence-column816_65f3ec-05 > .kt-inside-inner-col:before{opacity:0.3;}.kadence-column816_65f3ec-05{position:relative;}@media all and (max-width: 1024px){.kadence-column816_65f3ec-05 > .kt-inside-inner-col{flex-direction:column;justify-content:center;}}@media all and (max-width: 767px){.kadence-column816_65f3ec-05 > .kt-inside-inner-col{flex-direction:column;justify-content:center;}}<\/style>\n<div class=\"wp-block-kadence-column kadence-column816_65f3ec-05\"><div class=\"kt-inside-inner-col\"><style>.wp-block-kadence-advancedheading.kt-adv-heading816_df1877-f1, .wp-block-kadence-advancedheading.kt-adv-heading816_df1877-f1[data-kb-block=\"kb-adv-heading816_df1877-f1\"]{font-style:normal;}.wp-block-kadence-advancedheading.kt-adv-heading816_df1877-f1 mark.kt-highlight, .wp-block-kadence-advancedheading.kt-adv-heading816_df1877-f1[data-kb-block=\"kb-adv-heading816_df1877-f1\"] mark.kt-highlight{font-style:normal;color:#f76a0c;-webkit-box-decoration-break:clone;box-decoration-break:clone;padding-top:0px;padding-right:0px;padding-bottom:0px;padding-left:0px;}.wp-block-kadence-advancedheading.kt-adv-heading816_df1877-f1 img.kb-inline-image, .wp-block-kadence-advancedheading.kt-adv-heading816_df1877-f1[data-kb-block=\"kb-adv-heading816_df1877-f1\"] img.kb-inline-image{width:150px;vertical-align:baseline;}<\/style>\n<h2 class=\"kt-adv-heading816_df1877-f1 wp-block-kadence-advancedheading\" data-kb-block=\"kb-adv-heading816_df1877-f1\">Sissi Sattler-Zisser, MSc <\/h2>\n\n\n\n<p><\/p>\n\n\n<style>.kb-image816_94e4a7-73.kb-image-is-ratio-size, .kb-image816_94e4a7-73 .kb-image-is-ratio-size{max-width:425px;width:100%;}.wp-block-kadence-column > .kt-inside-inner-col > .kb-image816_94e4a7-73.kb-image-is-ratio-size, .wp-block-kadence-column > .kt-inside-inner-col > .kb-image816_94e4a7-73 .kb-image-is-ratio-size{align-self:unset;}.kb-image816_94e4a7-73 figure{max-width:425px;}.kb-image816_94e4a7-73 .image-is-svg, .kb-image816_94e4a7-73 .image-is-svg img{width:100%;}.kb-image816_94e4a7-73 .kb-image-has-overlay:after{opacity:0.3;}<\/style>\n<div class=\"wp-block-kadence-image kb-image816_94e4a7-73\"><figure class=\"alignleft size-medium_large\"><img loading=\"lazy\" decoding=\"async\" width=\"768\" height=\"1024\" src=\"https:\/\/www.activity.co.at\/wp-content\/uploads\/2025\/02\/DSC_1200-edited-768x1024.jpg\" alt=\"\" class=\"kb-img wp-image-939\" srcset=\"https:\/\/www.activity.co.at\/wp-content\/uploads\/2025\/02\/DSC_1200-edited-768x1024.jpg 768w, https:\/\/www.activity.co.at\/wp-content\/uploads\/2025\/02\/DSC_1200-edited-225x300.jpg 225w, https:\/\/www.activity.co.at\/wp-content\/uploads\/2025\/02\/DSC_1200-edited-1152x1536.jpg 1152w, https:\/\/www.activity.co.at\/wp-content\/uploads\/2025\/02\/DSC_1200-edited-1535x2048.jpg 1535w, https:\/\/www.activity.co.at\/wp-content\/uploads\/2025\/02\/DSC_1200-edited-scaled.jpg 1919w\" sizes=\"auto, (max-width: 768px) 100vw, 768px\" \/><\/figure><\/div>\n\n\n<style>.wp-block-kadence-advancedheading.kt-adv-heading816_87eda2-6a, .wp-block-kadence-advancedheading.kt-adv-heading816_87eda2-6a[data-kb-block=\"kb-adv-heading816_87eda2-6a\"]{font-size:var(--global-kb-font-size-md, 1.25rem);font-style:normal;}.wp-block-kadence-advancedheading.kt-adv-heading816_87eda2-6a mark.kt-highlight, .wp-block-kadence-advancedheading.kt-adv-heading816_87eda2-6a[data-kb-block=\"kb-adv-heading816_87eda2-6a\"] mark.kt-highlight{font-style:normal;color:#f76a0c;-webkit-box-decoration-break:clone;box-decoration-break:clone;padding-top:0px;padding-right:0px;padding-bottom:0px;padding-left:0px;}.wp-block-kadence-advancedheading.kt-adv-heading816_87eda2-6a img.kb-inline-image, .wp-block-kadence-advancedheading.kt-adv-heading816_87eda2-6a[data-kb-block=\"kb-adv-heading816_87eda2-6a\"] img.kb-inline-image{width:150px;vertical-align:baseline;}<\/style>\n<h6 class=\"kt-adv-heading816_87eda2-6a wp-block-kadence-advancedheading\" data-kb-block=\"kb-adv-heading816_87eda2-6a\">Teamentwicklung, F\u00fchrungscoaching, Lehrg\u00e4nge f\u00fcr F\u00fchrungskr\u00e4fte, Begleitung von OE- und Ver\u00e4nderungsprozessen z\u00e4hlen zu meinen Schwerpunkten.<br><br>geboren 1958, Diplom-P\u00e4dagogin, Master-Upgrade in<br>Supervision und Organisationsentwicklung<br>Systemische Supervisorin und Organisationsberaterin, Managementcoach, Change-Managerin, seit 1996 selbstst\u00e4ndige Trainerin und Beraterin<br><br>Hobbys: Liebt Katzen, den Garten, die Berge,<br>liest und schreibt gerne<\/h6>\n<\/div><\/div>\n\n\n<style>.kadence-column816_d3020a-69 > .kt-inside-inner-col,.kadence-column816_d3020a-69 > .kt-inside-inner-col:before{border-top-left-radius:0px;border-top-right-radius:0px;border-bottom-right-radius:0px;border-bottom-left-radius:0px;}.kadence-column816_d3020a-69 > .kt-inside-inner-col{column-gap:var(--global-kb-gap-sm, 1rem);}.kadence-column816_d3020a-69 > .kt-inside-inner-col{flex-direction:column;}.kadence-column816_d3020a-69 > .kt-inside-inner-col > .aligncenter{width:100%;}.kadence-column816_d3020a-69 > .kt-inside-inner-col:before{opacity:0.3;}.kadence-column816_d3020a-69{position:relative;}@media all and (max-width: 1024px){.kadence-column816_d3020a-69 > .kt-inside-inner-col{flex-direction:column;justify-content:center;}}@media all and (max-width: 767px){.kadence-column816_d3020a-69 > .kt-inside-inner-col{flex-direction:column;justify-content:center;}}<\/style>\n<div class=\"wp-block-kadence-column kadence-column816_d3020a-69\"><div class=\"kt-inside-inner-col\"><\/div><\/div>\n\n<\/div><\/div>\n\n<style>.kb-row-layout-id816_fba4e4-fb > .kt-row-column-wrap{align-content:start;}:where(.kb-row-layout-id816_fba4e4-fb > .kt-row-column-wrap) > .wp-block-kadence-column{justify-content:start;}.kb-row-layout-id816_fba4e4-fb > .kt-row-column-wrap{column-gap:var(--global-kb-gap-md, 2rem);row-gap:var(--global-kb-gap-md, 2rem);padding-top:var(--global-kb-spacing-sm, 1.5rem);padding-bottom:var(--global-kb-spacing-3xl, 6.5rem);grid-template-columns:minmax(0, 1fr);}.kb-row-layout-id816_fba4e4-fb > .kt-row-layout-overlay{opacity:0.30;}@media all and (max-width: 1024px){.kb-row-layout-id816_fba4e4-fb > .kt-row-column-wrap{grid-template-columns:minmax(0, 1fr);}}@media all and (max-width: 767px){.kb-row-layout-id816_fba4e4-fb > .kt-row-column-wrap{grid-template-columns:minmax(0, 1fr);}}<\/style><div class=\"kb-row-layout-wrap kb-row-layout-id816_fba4e4-fb alignfull has-theme-palette1-background-color kt-row-has-bg wp-block-kadence-rowlayout\"><div class=\"kt-row-column-wrap kt-has-1-columns kt-row-layout-equal kt-tab-layout-inherit kt-mobile-layout-row kt-row-valign-top\">\n<style>.kadence-column816_cf9545-da > .kt-inside-inner-col,.kadence-column816_cf9545-da > .kt-inside-inner-col:before{border-top-left-radius:0px;border-top-right-radius:0px;border-bottom-right-radius:0px;border-bottom-left-radius:0px;}.kadence-column816_cf9545-da > .kt-inside-inner-col{column-gap:var(--global-kb-gap-sm, 1rem);}.kadence-column816_cf9545-da > .kt-inside-inner-col{flex-direction:column;}.kadence-column816_cf9545-da > .kt-inside-inner-col > .aligncenter{width:100%;}.kadence-column816_cf9545-da > .kt-inside-inner-col:before{opacity:0.3;}.kadence-column816_cf9545-da{position:relative;}@media all and (max-width: 1024px){.kadence-column816_cf9545-da > .kt-inside-inner-col{flex-direction:column;justify-content:center;}}@media all and (max-width: 767px){.kadence-column816_cf9545-da > .kt-inside-inner-col{flex-direction:column;justify-content:center;}}<\/style>\n<div class=\"wp-block-kadence-column kadence-column816_cf9545-da\"><div class=\"kt-inside-inner-col\"><style>.wp-block-kadence-advancedheading.kt-adv-heading816_26f678-17, .wp-block-kadence-advancedheading.kt-adv-heading816_26f678-17[data-kb-block=\"kb-adv-heading816_26f678-17\"]{text-align:center;font-style:normal;}.wp-block-kadence-advancedheading.kt-adv-heading816_26f678-17 mark.kt-highlight, .wp-block-kadence-advancedheading.kt-adv-heading816_26f678-17[data-kb-block=\"kb-adv-heading816_26f678-17\"] mark.kt-highlight{font-style:normal;color:#f76a0c;-webkit-box-decoration-break:clone;box-decoration-break:clone;padding-top:0px;padding-right:0px;padding-bottom:0px;padding-left:0px;}.wp-block-kadence-advancedheading.kt-adv-heading816_26f678-17 img.kb-inline-image, .wp-block-kadence-advancedheading.kt-adv-heading816_26f678-17[data-kb-block=\"kb-adv-heading816_26f678-17\"] img.kb-inline-image{width:150px;vertical-align:baseline;}.wp-block-kadence-advancedheading.kt-adv-heading816_26f678-17[data-kb-block=\"kb-adv-heading816_26f678-17\"] a, .kt-adv-heading-link816_26f678-17, .kt-adv-heading-link816_26f678-17 .kt-adv-heading816_26f678-17[data-kb-block=\"kb-adv-heading816_26f678-17\"]{color:var(--global-palette2, #2B6CB0);}.wp-block-kadence-advancedheading.kt-adv-heading816_26f678-17[data-kb-block=\"kb-adv-heading816_26f678-17\"] a:hover, .kt-adv-heading-link816_26f678-17:hover, .kt-adv-heading-link816_26f678-17:hover .kt-adv-heading816_26f678-17[data-kb-block=\"kb-adv-heading816_26f678-17\"]{color:var(--global-palette3, #1A202C);}<\/style>\n<p class=\"kt-adv-heading816_26f678-17 wp-block-kadence-advancedheading\" data-kb-block=\"kb-adv-heading816_26f678-17\">Kontakt: <br>Telefon: +43676-3142028<br>E-Mail: s.sattler-zisser@activity.co.at<\/p>\n<\/div><\/div>\n\n<\/div><\/div>\n\n\n<p><\/p>\n","protected":false},"excerpt":{"rendered":"<p>Sissi Sattler-Zisser, MSc Teamentwicklung, F\u00fchrungscoaching, Lehrg\u00e4nge f\u00fcr F\u00fchrungskr\u00e4fte, Begleitung von OE- und Ver\u00e4nderungsprozessen z\u00e4hlen zu meinen Schwerpunkten. geboren 1958, Diplom-P\u00e4dagogin, Master-Upgrade inSupervision und OrganisationsentwicklungSystemische Supervisorin und Organisationsberaterin, Managementcoach, Change-Managerin, seit 1996 selbstst\u00e4ndige Trainerin und Beraterin Hobbys: Liebt Katzen, den Garten, die Berge,liest und schreibt gerne Kontakt: Telefon: +43676-3142028E-Mail: s.sattler-zisser@activity.co.at<\/p>\n","protected":false},"author":1,"featured_media":0,"parent":0,"menu_order":3,"comment_status":"closed","ping_status":"closed","template":"","meta":{"_kadence_starter_templates_imported_post":true,"_kad_post_transparent":"","_kad_post_title":"","_kad_post_layout":"normal","_kad_post_sidebar_id":"","_kad_post_content_style":"default","_kad_post_vertical_padding":"default","_kad_post_feature":"","_kad_post_feature_position":"","_kad_post_header":false,"_kad_post_footer":false,"footnotes":""},"class_list":["post-816","page","type-page","status-publish","hentry"],"_links":{"self":[{"href":"https:\/\/www.activity.co.at\/index.php?rest_route=\/wp\/v2\/pages\/816","targetHints":{"allow":["GET"]}}],"collection":[{"href":"https:\/\/www.activity.co.at\/index.php?rest_route=\/wp\/v2\/pages"}],"about":[{"href":"https:\/\/www.activity.co.at\/index.php?rest_route=\/wp\/v2\/types\/page"}],"author":[{"embeddable":true,"href":"https:\/\/www.activity.co.at\/index.php?rest_route=\/wp\/v2\/users\/1"}],"replies":[{"embeddable":true,"href":"https:\/\/www.activity.co.at\/index.php?rest_route=%2Fwp%2Fv2%2Fcomments&post=816"}],"version-history":[{"count":6,"href":"https:\/\/www.activity.co.at\/index.php?rest_route=\/wp\/v2\/pages\/816\/revisions"}],"predecessor-version":[{"id":1211,"href":"https:\/\/www.activity.co.at\/index.php?rest_route=\/wp\/v2\/pages\/816\/revisions\/1211"}],"wp:attachment":[{"href":"https:\/\/www.activity.co.at\/index.php?rest_route=%2Fwp%2Fv2%2Fmedia&parent=816"}],"curies":[{"name":"wp","href":"https:\/\/api.w.org\/{rel}","templated":true}]}}