{"id":818,"date":"2025-02-16T09:27:33","date_gmt":"2025-02-16T09:27:33","guid":{"rendered":"https:\/\/www.activity.co.at\/admin\/?page_id=818"},"modified":"2025-04-03T14:50:33","modified_gmt":"2025-04-03T14:50:33","slug":"mag-hermann-papst","status":"publish","type":"page","link":"https:\/\/www.activity.co.at\/?page_id=818","title":{"rendered":"Jennifer Klamminger"},"content":{"rendered":"\n<h1 class=\"wp-block-heading\"><\/h1>\n\n\n<style>.kb-row-layout-id818_7c9bdd-19 > .kt-row-column-wrap{align-content:start;}:where(.kb-row-layout-id818_7c9bdd-19 > .kt-row-column-wrap) > .wp-block-kadence-column{justify-content:start;}.kb-row-layout-id818_7c9bdd-19 > .kt-row-column-wrap{column-gap:var(--global-kb-gap-none, 0rem );row-gap:var(--global-kb-gap-none, 0rem );max-width:var( --global-content-width, 1290px );padding-left:var(--global-content-edge-padding);padding-right:var(--global-content-edge-padding);padding-top:var(--global-kb-spacing-3xl, 6.5rem);padding-bottom:var(--global-kb-spacing-xl, 4rem);}.kb-row-layout-id818_7c9bdd-19 > .kt-row-column-wrap > div:not(.added-for-specificity){grid-column:initial;}.kb-row-layout-id818_7c9bdd-19 > .kt-row-column-wrap{grid-template-columns:minmax(0, 1fr);}.kb-row-layout-id818_7c9bdd-19 > .kt-row-layout-overlay{opacity:0.30;}@media all and (max-width: 1024px){.kb-row-layout-id818_7c9bdd-19 > .kt-row-column-wrap > div:not(.added-for-specificity){grid-column:initial;}}@media all and (max-width: 1024px){.kb-row-layout-id818_7c9bdd-19 > .kt-row-column-wrap{grid-template-columns:minmax(0, 1fr);}}@media all and (max-width: 767px){.kb-row-layout-id818_7c9bdd-19 > .kt-row-column-wrap > div:not(.added-for-specificity){grid-column:initial;}.kb-row-layout-id818_7c9bdd-19 > .kt-row-column-wrap{grid-template-columns:minmax(0, 1fr);}}<\/style><div class=\"kb-row-layout-wrap kb-row-layout-id818_7c9bdd-19 alignfull has-theme-palette8-background-color kt-row-has-bg wp-block-kadence-rowlayout\"><div class=\"kt-row-column-wrap kt-has-3-columns kt-row-layout-row kt-tab-layout-inherit kt-mobile-layout-row kt-row-valign-top kb-theme-content-width\">\n<style>.kadence-column818_26a353-1b > .kt-inside-inner-col{padding-right:0px;padding-left:0px;}.kadence-column818_26a353-1b > .kt-inside-inner-col,.kadence-column818_26a353-1b > .kt-inside-inner-col:before{border-top-left-radius:0px;border-top-right-radius:0px;border-bottom-right-radius:0px;border-bottom-left-radius:0px;}.kadence-column818_26a353-1b > .kt-inside-inner-col{column-gap:var(--global-kb-gap-sm, 1rem);}.kadence-column818_26a353-1b > .kt-inside-inner-col{flex-direction:column;}.kadence-column818_26a353-1b > .kt-inside-inner-col > .aligncenter{width:100%;}.kadence-column818_26a353-1b > .kt-inside-inner-col:before{opacity:0.3;}.kadence-column818_26a353-1b{position:relative;}@media all and (max-width: 1024px){.kadence-column818_26a353-1b > .kt-inside-inner-col{flex-direction:column;justify-content:center;}}@media all and (max-width: 767px){.kadence-column818_26a353-1b > .kt-inside-inner-col{flex-direction:column;justify-content:center;}}<\/style>\n<div class=\"wp-block-kadence-column kadence-column818_26a353-1b\"><div class=\"kt-inside-inner-col\"><\/div><\/div>\n\n\n<style>.kadence-column818_9d3d38-1d > .kt-inside-inner-col,.kadence-column818_9d3d38-1d > .kt-inside-inner-col:before{border-top-left-radius:0px;border-top-right-radius:0px;border-bottom-right-radius:0px;border-bottom-left-radius:0px;}.kadence-column818_9d3d38-1d > .kt-inside-inner-col{column-gap:var(--global-kb-gap-sm, 1rem);}.kadence-column818_9d3d38-1d > .kt-inside-inner-col{flex-direction:column;}.kadence-column818_9d3d38-1d > .kt-inside-inner-col > .aligncenter{width:100%;}.kadence-column818_9d3d38-1d > .kt-inside-inner-col:before{opacity:0.3;}.kadence-column818_9d3d38-1d{position:relative;}@media all and (max-width: 1024px){.kadence-column818_9d3d38-1d > .kt-inside-inner-col{flex-direction:column;justify-content:center;}}@media all and (max-width: 767px){.kadence-column818_9d3d38-1d > .kt-inside-inner-col{flex-direction:column;justify-content:center;}}<\/style>\n<div class=\"wp-block-kadence-column kadence-column818_9d3d38-1d\"><div class=\"kt-inside-inner-col\"><style>.wp-block-kadence-advancedheading.kt-adv-heading818_873a3d-a5, .wp-block-kadence-advancedheading.kt-adv-heading818_873a3d-a5[data-kb-block=\"kb-adv-heading818_873a3d-a5\"]{font-style:normal;}.wp-block-kadence-advancedheading.kt-adv-heading818_873a3d-a5 mark.kt-highlight, .wp-block-kadence-advancedheading.kt-adv-heading818_873a3d-a5[data-kb-block=\"kb-adv-heading818_873a3d-a5\"] mark.kt-highlight{font-style:normal;color:#f76a0c;-webkit-box-decoration-break:clone;box-decoration-break:clone;padding-top:0px;padding-right:0px;padding-bottom:0px;padding-left:0px;}.wp-block-kadence-advancedheading.kt-adv-heading818_873a3d-a5 img.kb-inline-image, .wp-block-kadence-advancedheading.kt-adv-heading818_873a3d-a5[data-kb-block=\"kb-adv-heading818_873a3d-a5\"] img.kb-inline-image{width:150px;vertical-align:baseline;}<\/style>\n<h2 class=\"kt-adv-heading818_873a3d-a5 wp-block-kadence-advancedheading\" data-kb-block=\"kb-adv-heading818_873a3d-a5\">Jennifer Klamminger<\/h2>\n\n\n\n<p><\/p>\n\n\n<style>.kb-image818_a5acc1-17.kb-image-is-ratio-size, .kb-image818_a5acc1-17 .kb-image-is-ratio-size{max-width:717px;width:100%;}.wp-block-kadence-column > .kt-inside-inner-col > .kb-image818_a5acc1-17.kb-image-is-ratio-size, .wp-block-kadence-column > .kt-inside-inner-col > .kb-image818_a5acc1-17 .kb-image-is-ratio-size{align-self:unset;}.kb-image818_a5acc1-17 figure{max-width:717px;}.kb-image818_a5acc1-17 .image-is-svg, .kb-image818_a5acc1-17 .image-is-svg img{width:100%;}.kb-image818_a5acc1-17 .kb-image-has-overlay:after{opacity:0.3;}<\/style>\n<div class=\"wp-block-kadence-image kb-image818_a5acc1-17\"><figure class=\"alignleft size-large\"><img loading=\"lazy\" decoding=\"async\" width=\"1024\" height=\"683\" src=\"https:\/\/www.activity.co.at\/wp-content\/uploads\/2025\/02\/DSC_0225-1024x683.jpg\" alt=\"\" class=\"kb-img wp-image-947\" srcset=\"https:\/\/www.activity.co.at\/wp-content\/uploads\/2025\/02\/DSC_0225-1024x683.jpg 1024w, https:\/\/www.activity.co.at\/wp-content\/uploads\/2025\/02\/DSC_0225-300x200.jpg 300w, https:\/\/www.activity.co.at\/wp-content\/uploads\/2025\/02\/DSC_0225-768x512.jpg 768w, https:\/\/www.activity.co.at\/wp-content\/uploads\/2025\/02\/DSC_0225-1536x1024.jpg 1536w, https:\/\/www.activity.co.at\/wp-content\/uploads\/2025\/02\/DSC_0225-2048x1365.jpg 2048w\" sizes=\"auto, (max-width: 1024px) 100vw, 1024px\" \/><\/figure><\/div>\n\n\n<style>.wp-block-kadence-advancedheading.kt-adv-heading818_1a274b-38, .wp-block-kadence-advancedheading.kt-adv-heading818_1a274b-38[data-kb-block=\"kb-adv-heading818_1a274b-38\"]{font-size:var(--global-kb-font-size-md, 1.25rem);font-style:normal;}.wp-block-kadence-advancedheading.kt-adv-heading818_1a274b-38 mark.kt-highlight, .wp-block-kadence-advancedheading.kt-adv-heading818_1a274b-38[data-kb-block=\"kb-adv-heading818_1a274b-38\"] mark.kt-highlight{font-style:normal;color:#f76a0c;-webkit-box-decoration-break:clone;box-decoration-break:clone;padding-top:0px;padding-right:0px;padding-bottom:0px;padding-left:0px;}.wp-block-kadence-advancedheading.kt-adv-heading818_1a274b-38 img.kb-inline-image, .wp-block-kadence-advancedheading.kt-adv-heading818_1a274b-38[data-kb-block=\"kb-adv-heading818_1a274b-38\"] img.kb-inline-image{width:150px;vertical-align:baseline;}<\/style>\n<h6 class=\"kt-adv-heading818_1a274b-38 wp-block-kadence-advancedheading\" data-kb-block=\"kb-adv-heading818_1a274b-38\">B\u00fcroorganisation &#8211; Zust\u00e4ndig f\u00fcr T\u00e4tigkeiten im Backoffice<br>unterst\u00fctzt uns seit 2011.<br><br>Geboren 1993, Ausbildung zur B\u00fcrokauffrau mit Weiterbildung zur Dipl. Office Managerin, Landwirtschaftslehrgang, Dipl. Meditations- und Achtsamkeitstrainerin und Jungmama<br><br>Hobbys: Kochen und Backen, Campen, Musik und Gitarre, meine Familie, Yoga und Meditation<\/h6>\n<\/div><\/div>\n\n\n<style>.kadence-column818_8ac4fb-8f > .kt-inside-inner-col,.kadence-column818_8ac4fb-8f > .kt-inside-inner-col:before{border-top-left-radius:0px;border-top-right-radius:0px;border-bottom-right-radius:0px;border-bottom-left-radius:0px;}.kadence-column818_8ac4fb-8f > .kt-inside-inner-col{column-gap:var(--global-kb-gap-sm, 1rem);}.kadence-column818_8ac4fb-8f > .kt-inside-inner-col{flex-direction:column;}.kadence-column818_8ac4fb-8f > .kt-inside-inner-col > .aligncenter{width:100%;}.kadence-column818_8ac4fb-8f > .kt-inside-inner-col:before{opacity:0.3;}.kadence-column818_8ac4fb-8f{position:relative;}@media all and (max-width: 1024px){.kadence-column818_8ac4fb-8f > .kt-inside-inner-col{flex-direction:column;justify-content:center;}}@media all and (max-width: 767px){.kadence-column818_8ac4fb-8f > .kt-inside-inner-col{flex-direction:column;justify-content:center;}}<\/style>\n<div class=\"wp-block-kadence-column kadence-column818_8ac4fb-8f\"><div class=\"kt-inside-inner-col\"><\/div><\/div>\n\n<\/div><\/div>\n\n<style>.kb-row-layout-id818_27e4e1-fc > .kt-row-column-wrap{align-content:start;}:where(.kb-row-layout-id818_27e4e1-fc > .kt-row-column-wrap) > .wp-block-kadence-column{justify-content:start;}.kb-row-layout-id818_27e4e1-fc > .kt-row-column-wrap{column-gap:var(--global-kb-gap-md, 2rem);row-gap:var(--global-kb-gap-md, 2rem);padding-top:var(--global-kb-spacing-sm, 1.5rem);padding-bottom:var(--global-kb-spacing-3xl, 6.5rem);grid-template-columns:minmax(0, 1fr);}.kb-row-layout-id818_27e4e1-fc > .kt-row-layout-overlay{opacity:0.30;}@media all and (max-width: 1024px){.kb-row-layout-id818_27e4e1-fc > .kt-row-column-wrap{grid-template-columns:minmax(0, 1fr);}}@media all and (max-width: 767px){.kb-row-layout-id818_27e4e1-fc > .kt-row-column-wrap{grid-template-columns:minmax(0, 1fr);}}<\/style><div class=\"kb-row-layout-wrap kb-row-layout-id818_27e4e1-fc alignfull has-theme-palette1-background-color kt-row-has-bg wp-block-kadence-rowlayout\"><div class=\"kt-row-column-wrap kt-has-1-columns kt-row-layout-equal kt-tab-layout-inherit kt-mobile-layout-row kt-row-valign-top\">\n<style>.kadence-column818_04bb90-a6 > .kt-inside-inner-col,.kadence-column818_04bb90-a6 > .kt-inside-inner-col:before{border-top-left-radius:0px;border-top-right-radius:0px;border-bottom-right-radius:0px;border-bottom-left-radius:0px;}.kadence-column818_04bb90-a6 > .kt-inside-inner-col{column-gap:var(--global-kb-gap-sm, 1rem);}.kadence-column818_04bb90-a6 > .kt-inside-inner-col{flex-direction:column;}.kadence-column818_04bb90-a6 > .kt-inside-inner-col > .aligncenter{width:100%;}.kadence-column818_04bb90-a6 > .kt-inside-inner-col:before{opacity:0.3;}.kadence-column818_04bb90-a6{position:relative;}@media all and (max-width: 1024px){.kadence-column818_04bb90-a6 > .kt-inside-inner-col{flex-direction:column;justify-content:center;}}@media all and (max-width: 767px){.kadence-column818_04bb90-a6 > .kt-inside-inner-col{flex-direction:column;justify-content:center;}}<\/style>\n<div class=\"wp-block-kadence-column kadence-column818_04bb90-a6\"><div class=\"kt-inside-inner-col\"><style>.wp-block-kadence-advancedheading.kt-adv-heading818_e52062-33, .wp-block-kadence-advancedheading.kt-adv-heading818_e52062-33[data-kb-block=\"kb-adv-heading818_e52062-33\"]{text-align:center;font-style:normal;}.wp-block-kadence-advancedheading.kt-adv-heading818_e52062-33 mark.kt-highlight, .wp-block-kadence-advancedheading.kt-adv-heading818_e52062-33[data-kb-block=\"kb-adv-heading818_e52062-33\"] mark.kt-highlight{font-style:normal;color:#f76a0c;-webkit-box-decoration-break:clone;box-decoration-break:clone;padding-top:0px;padding-right:0px;padding-bottom:0px;padding-left:0px;}.wp-block-kadence-advancedheading.kt-adv-heading818_e52062-33 img.kb-inline-image, .wp-block-kadence-advancedheading.kt-adv-heading818_e52062-33[data-kb-block=\"kb-adv-heading818_e52062-33\"] img.kb-inline-image{width:150px;vertical-align:baseline;}.wp-block-kadence-advancedheading.kt-adv-heading818_e52062-33[data-kb-block=\"kb-adv-heading818_e52062-33\"] a, .kt-adv-heading-link818_e52062-33, .kt-adv-heading-link818_e52062-33 .kt-adv-heading818_e52062-33[data-kb-block=\"kb-adv-heading818_e52062-33\"]{color:var(--global-palette2, #2B6CB0);}.wp-block-kadence-advancedheading.kt-adv-heading818_e52062-33[data-kb-block=\"kb-adv-heading818_e52062-33\"] a:hover, .kt-adv-heading-link818_e52062-33:hover, .kt-adv-heading-link818_e52062-33:hover .kt-adv-heading818_e52062-33[data-kb-block=\"kb-adv-heading818_e52062-33\"]{color:var(--global-palette3, #1A202C);}<\/style>\n<p class=\"kt-adv-heading818_e52062-33 wp-block-kadence-advancedheading\" data-kb-block=\"kb-adv-heading818_e52062-33\">Kontakt: <br>E-Mail: j.klamminger@activity.co.at<br>Telefon: 0676\/5609804<\/p>\n<\/div><\/div>\n\n<\/div><\/div>\n\n\n<p><\/p>\n","protected":false},"excerpt":{"rendered":"<p>Jennifer Klamminger B\u00fcroorganisation &#8211; Zust\u00e4ndig f\u00fcr T\u00e4tigkeiten im Backofficeunterst\u00fctzt uns seit 2011. Geboren 1993, Ausbildung zur B\u00fcrokauffrau mit Weiterbildung zur Dipl. Office Managerin, Landwirtschaftslehrgang, Dipl. Meditations- und Achtsamkeitstrainerin und Jungmama Hobbys: Kochen und Backen, Campen, Musik und Gitarre, meine Familie, Yoga und Meditation Kontakt: E-Mail: j.klamminger@activity.co.atTelefon: 0676\/5609804<\/p>\n","protected":false},"author":1,"featured_media":0,"parent":0,"menu_order":1,"comment_status":"closed","ping_status":"closed","template":"","meta":{"_kadence_starter_templates_imported_post":true,"_kad_post_transparent":"","_kad_post_title":"","_kad_post_layout":"normal","_kad_post_sidebar_id":"","_kad_post_content_style":"default","_kad_post_vertical_padding":"default","_kad_post_feature":"","_kad_post_feature_position":"","_kad_post_header":false,"_kad_post_footer":false,"footnotes":""},"class_list":["post-818","page","type-page","status-publish","hentry"],"_links":{"self":[{"href":"https:\/\/www.activity.co.at\/index.php?rest_route=\/wp\/v2\/pages\/818","targetHints":{"allow":["GET"]}}],"collection":[{"href":"https:\/\/www.activity.co.at\/index.php?rest_route=\/wp\/v2\/pages"}],"about":[{"href":"https:\/\/www.activity.co.at\/index.php?rest_route=\/wp\/v2\/types\/page"}],"author":[{"embeddable":true,"href":"https:\/\/www.activity.co.at\/index.php?rest_route=\/wp\/v2\/users\/1"}],"replies":[{"embeddable":true,"href":"https:\/\/www.activity.co.at\/index.php?rest_route=%2Fwp%2Fv2%2Fcomments&post=818"}],"version-history":[{"count":9,"href":"https:\/\/www.activity.co.at\/index.php?rest_route=\/wp\/v2\/pages\/818\/revisions"}],"predecessor-version":[{"id":1219,"href":"https:\/\/www.activity.co.at\/index.php?rest_route=\/wp\/v2\/pages\/818\/revisions\/1219"}],"wp:attachment":[{"href":"https:\/\/www.activity.co.at\/index.php?rest_route=%2Fwp%2Fv2%2Fmedia&parent=818"}],"curies":[{"name":"wp","href":"https:\/\/api.w.org\/{rel}","templated":true}]}}