{"id":838,"date":"2025-02-16T09:54:44","date_gmt":"2025-02-16T09:54:44","guid":{"rendered":"https:\/\/www.activity.co.at\/admin\/?page_id=838"},"modified":"2025-04-09T09:05:25","modified_gmt":"2025-04-09T09:05:25","slug":"mag-karl-blaha","status":"publish","type":"page","link":"https:\/\/www.activity.co.at\/?page_id=838","title":{"rendered":"Mag . Karl Blaha"},"content":{"rendered":"\n<p><\/p>\n\n\n<style>.kb-row-layout-id838_4658e8-f3 > .kt-row-column-wrap{align-content:center;}:where(.kb-row-layout-id838_4658e8-f3 > .kt-row-column-wrap) > .wp-block-kadence-column{justify-content:center;}.kb-row-layout-id838_4658e8-f3 > .kt-row-column-wrap{column-gap:var(--global-kb-gap-md, 2rem);row-gap:var(--global-kb-gap-md, 2rem);max-width:var( --global-content-width, 1290px );padding-left:var(--global-content-edge-padding);padding-right:var(--global-content-edge-padding);padding-top:var(--global-kb-spacing-xxl, 5rem);padding-bottom:var(--global-kb-spacing-xxl, 5rem);grid-template-columns:minmax(0, calc(50% - ((var(--global-kb-gap-md, 2rem) * 1 )\/2)))minmax(0, calc(50% - ((var(--global-kb-gap-md, 2rem) * 1 )\/2)));}.kb-row-layout-id838_4658e8-f3{background-image:url('https:\/\/www.activity.co.at\/wp-content\/uploads\/2025\/02\/Example-Background-Image.jpg');background-size:cover;background-position:center center;background-attachment:scroll;background-repeat:no-repeat;}.kb-row-layout-id838_4658e8-f3 > .kt-row-layout-overlay{opacity:1;background:linear-gradient(90deg,var(--global-palette8,#F7FAFC) 41%,rgba(247,250,252,0) 100%);}@media all and (max-width: 1024px){.kb-row-layout-id838_4658e8-f3 > .kt-row-column-wrap{grid-template-columns:minmax(0, 1fr);}}@media all and (max-width: 1024px){.kb-row-layout-id838_4658e8-f3 > .kt-row-layout-overlay{opacity:1;background:linear-gradient(180deg,var(--global-palette8,#F7FAFC) 53%,rgba(247,250,252,0) 100%);}}@media all and (max-width: 767px){.kb-row-layout-id838_4658e8-f3 > .kt-row-column-wrap{grid-template-columns:minmax(0, 1fr);}}<\/style><div class=\"kb-row-layout-wrap kb-row-layout-id838_4658e8-f3 alignfull kt-row-has-bg wp-block-kadence-rowlayout\"><div class=\"kt-row-layout-overlay kt-row-overlay-gradient\"><\/div><div class=\"kt-row-column-wrap kt-has-2-columns kt-row-layout-equal kt-tab-layout-row kt-mobile-layout-row kt-row-valign-middle kb-theme-content-width\">\n<style>.kadence-column838_352f1e-dd > .kt-inside-inner-col,.kadence-column838_352f1e-dd > .kt-inside-inner-col:before{border-top-left-radius:0px;border-top-right-radius:0px;border-bottom-right-radius:0px;border-bottom-left-radius:0px;}.kadence-column838_352f1e-dd > .kt-inside-inner-col{column-gap:var(--global-kb-gap-sm, 1rem);}.kadence-column838_352f1e-dd > .kt-inside-inner-col{flex-direction:column;}.kadence-column838_352f1e-dd > .kt-inside-inner-col > .aligncenter{width:100%;}.kadence-column838_352f1e-dd > .kt-inside-inner-col:before{opacity:0.3;}.kadence-column838_352f1e-dd{position:relative;}@media all and (max-width: 1024px){.kadence-column838_352f1e-dd{text-align:center;}}@media all and (max-width: 1024px){.kadence-column838_352f1e-dd > .kt-inside-inner-col{flex-direction:column;justify-content:center;}}@media all and (max-width: 767px){.kadence-column838_352f1e-dd > .kt-inside-inner-col{flex-direction:column;justify-content:center;}}<\/style>\n<div class=\"wp-block-kadence-column kadence-column838_352f1e-dd kb-section-dir-vertical inner-column-1\"><div class=\"kt-inside-inner-col\"><style>.wp-block-kadence-advancedheading.kt-adv-heading838_eeff72-cd, .wp-block-kadence-advancedheading.kt-adv-heading838_eeff72-cd[data-kb-block=\"kb-adv-heading838_eeff72-cd\"]{display:block;margin-bottom:var(--global-kb-spacing-xs, 1rem);font-style:normal;text-transform:uppercase;}.wp-block-kadence-advancedheading.kt-adv-heading838_eeff72-cd mark.kt-highlight, .wp-block-kadence-advancedheading.kt-adv-heading838_eeff72-cd[data-kb-block=\"kb-adv-heading838_eeff72-cd\"] mark.kt-highlight{font-style:normal;color:#f76a0c;-webkit-box-decoration-break:clone;box-decoration-break:clone;padding-top:0px;padding-right:0px;padding-bottom:0px;padding-left:0px;}.wp-block-kadence-advancedheading.kt-adv-heading838_eeff72-cd img.kb-inline-image, .wp-block-kadence-advancedheading.kt-adv-heading838_eeff72-cd[data-kb-block=\"kb-adv-heading838_eeff72-cd\"] img.kb-inline-image{width:150px;vertical-align:baseline;}<\/style>\n<span class=\"kt-adv-heading838_eeff72-cd wp-block-kadence-advancedheading has-theme-palette-1-color has-text-color\" data-kb-block=\"kb-adv-heading838_eeff72-cd\">Overline<\/span>\n<\/div><\/div>\n\n\n<style>.kadence-column838_dd0617-40 > .kt-inside-inner-col,.kadence-column838_dd0617-40 > .kt-inside-inner-col:before{border-top-left-radius:0px;border-top-right-radius:0px;border-bottom-right-radius:0px;border-bottom-left-radius:0px;}.kadence-column838_dd0617-40 > .kt-inside-inner-col{column-gap:var(--global-kb-gap-sm, 1rem);}.kadence-column838_dd0617-40 > .kt-inside-inner-col{flex-direction:column;}.kadence-column838_dd0617-40 > .kt-inside-inner-col > .aligncenter{width:100%;}.kadence-column838_dd0617-40 > .kt-inside-inner-col:before{opacity:0.3;}.kadence-column838_dd0617-40{position:relative;}@media all and (max-width: 1024px){.kadence-column838_dd0617-40 > .kt-inside-inner-col{flex-direction:column;justify-content:center;}}@media all and (max-width: 767px){.kadence-column838_dd0617-40 > .kt-inside-inner-col{flex-direction:column;justify-content:center;}}<\/style>\n<div class=\"wp-block-kadence-column kadence-column838_dd0617-40 kvs-md-false kvs-sm-false inner-column-2\"><div class=\"kt-inside-inner-col\"><\/div><\/div>\n\n<\/div><\/div>\n\n<style>.kb-row-layout-id838_949403-da > .kt-row-column-wrap{align-content:start;}:where(.kb-row-layout-id838_949403-da > .kt-row-column-wrap) > .wp-block-kadence-column{justify-content:start;}.kb-row-layout-id838_949403-da > .kt-row-column-wrap{column-gap:var(--global-kb-gap-none, 0rem );row-gap:var(--global-kb-gap-none, 0rem );max-width:var( --global-content-width, 1290px );padding-left:var(--global-content-edge-padding);padding-right:var(--global-content-edge-padding);padding-top:var(--global-kb-spacing-sm, 1.5rem);padding-bottom:var(--global-kb-spacing-xl, 4rem);}.kb-row-layout-id838_949403-da > .kt-row-column-wrap > div:not(.added-for-specificity){grid-column:initial;}.kb-row-layout-id838_949403-da > .kt-row-column-wrap{grid-template-columns:minmax(0, 1fr);}.kb-row-layout-id838_949403-da > .kt-row-layout-overlay{opacity:0.30;}@media all and (max-width: 1024px){.kb-row-layout-id838_949403-da > .kt-row-column-wrap > div:not(.added-for-specificity){grid-column:initial;}}@media all and (max-width: 1024px){.kb-row-layout-id838_949403-da > .kt-row-column-wrap{grid-template-columns:minmax(0, 1fr);}}@media all and (max-width: 767px){.kb-row-layout-id838_949403-da > .kt-row-column-wrap > div:not(.added-for-specificity){grid-column:initial;}.kb-row-layout-id838_949403-da > .kt-row-column-wrap{grid-template-columns:minmax(0, 1fr);}}<\/style><div class=\"kb-row-layout-wrap kb-row-layout-id838_949403-da alignfull has-theme-palette8-background-color kt-row-has-bg wp-block-kadence-rowlayout\"><div class=\"kt-row-column-wrap kt-has-3-columns kt-row-layout-row kt-tab-layout-inherit kt-mobile-layout-row kt-row-valign-top kb-theme-content-width\">\n<style>.kadence-column838_03a439-5f > .kt-inside-inner-col{padding-right:0px;padding-left:0px;}.kadence-column838_03a439-5f > .kt-inside-inner-col,.kadence-column838_03a439-5f > .kt-inside-inner-col:before{border-top-left-radius:0px;border-top-right-radius:0px;border-bottom-right-radius:0px;border-bottom-left-radius:0px;}.kadence-column838_03a439-5f > .kt-inside-inner-col{column-gap:var(--global-kb-gap-sm, 1rem);}.kadence-column838_03a439-5f > .kt-inside-inner-col{flex-direction:column;}.kadence-column838_03a439-5f > .kt-inside-inner-col > .aligncenter{width:100%;}.kadence-column838_03a439-5f > .kt-inside-inner-col:before{opacity:0.3;}.kadence-column838_03a439-5f{position:relative;}@media all and (max-width: 1024px){.kadence-column838_03a439-5f > .kt-inside-inner-col{flex-direction:column;justify-content:center;}}@media all and (max-width: 767px){.kadence-column838_03a439-5f > .kt-inside-inner-col{flex-direction:column;justify-content:center;}}<\/style>\n<div class=\"wp-block-kadence-column kadence-column838_03a439-5f\"><div class=\"kt-inside-inner-col\"><\/div><\/div>\n\n\n<style>.kadence-column838_3ce5e7-30 > .kt-inside-inner-col,.kadence-column838_3ce5e7-30 > .kt-inside-inner-col:before{border-top-left-radius:0px;border-top-right-radius:0px;border-bottom-right-radius:0px;border-bottom-left-radius:0px;}.kadence-column838_3ce5e7-30 > .kt-inside-inner-col{column-gap:var(--global-kb-gap-sm, 1rem);}.kadence-column838_3ce5e7-30 > .kt-inside-inner-col{flex-direction:column;}.kadence-column838_3ce5e7-30 > .kt-inside-inner-col > .aligncenter{width:100%;}.kadence-column838_3ce5e7-30 > .kt-inside-inner-col:before{opacity:0.3;}.kadence-column838_3ce5e7-30{position:relative;}@media all and (max-width: 1024px){.kadence-column838_3ce5e7-30 > .kt-inside-inner-col{flex-direction:column;justify-content:center;}}@media all and (max-width: 767px){.kadence-column838_3ce5e7-30 > .kt-inside-inner-col{flex-direction:column;justify-content:center;}}<\/style>\n<div class=\"wp-block-kadence-column kadence-column838_3ce5e7-30\"><div class=\"kt-inside-inner-col\"><style>.kb-row-layout-id838_4dcc1e-5b > .kt-row-column-wrap{align-content:start;}:where(.kb-row-layout-id838_4dcc1e-5b > .kt-row-column-wrap) > .wp-block-kadence-column{justify-content:start;}.kb-row-layout-id838_4dcc1e-5b > .kt-row-column-wrap{column-gap:var(--global-kb-gap-none, 0rem );row-gap:var(--global-kb-gap-none, 0rem );max-width:var( --global-content-width, 1290px );padding-left:var(--global-content-edge-padding);padding-right:var(--global-content-edge-padding);padding-bottom:var(--global-kb-spacing-xl, 4rem);}.kb-row-layout-id838_4dcc1e-5b > .kt-row-column-wrap > div:not(.added-for-specificity){grid-column:initial;}.kb-row-layout-id838_4dcc1e-5b > .kt-row-column-wrap{grid-template-columns:minmax(0, 1fr);}.kb-row-layout-id838_4dcc1e-5b > .kt-row-layout-overlay{opacity:0.30;}@media all and (max-width: 1024px){.kb-row-layout-id838_4dcc1e-5b > .kt-row-column-wrap > div:not(.added-for-specificity){grid-column:initial;}}@media all and (max-width: 1024px){.kb-row-layout-id838_4dcc1e-5b > .kt-row-column-wrap{grid-template-columns:minmax(0, 1fr);}}@media all and (max-width: 767px){.kb-row-layout-id838_4dcc1e-5b > .kt-row-column-wrap > div:not(.added-for-specificity){grid-column:initial;}.kb-row-layout-id838_4dcc1e-5b > .kt-row-column-wrap{grid-template-columns:minmax(0, 1fr);}}<\/style><div class=\"kb-row-layout-wrap kb-row-layout-id838_4dcc1e-5b alignfull has-theme-palette8-background-color kt-row-has-bg wp-block-kadence-rowlayout\"><div class=\"kt-row-column-wrap kt-has-3-columns kt-row-layout-row kt-tab-layout-inherit kt-mobile-layout-row kt-row-valign-top kb-theme-content-width\">\n<style>.kadence-column838_643abc-59 > .kt-inside-inner-col{padding-right:0px;padding-left:0px;}.kadence-column838_643abc-59 > .kt-inside-inner-col,.kadence-column838_643abc-59 > .kt-inside-inner-col:before{border-top-left-radius:0px;border-top-right-radius:0px;border-bottom-right-radius:0px;border-bottom-left-radius:0px;}.kadence-column838_643abc-59 > .kt-inside-inner-col{column-gap:var(--global-kb-gap-sm, 1rem);}.kadence-column838_643abc-59 > .kt-inside-inner-col{flex-direction:column;}.kadence-column838_643abc-59 > .kt-inside-inner-col > .aligncenter{width:100%;}.kadence-column838_643abc-59 > .kt-inside-inner-col:before{opacity:0.3;}.kadence-column838_643abc-59{position:relative;}@media all and (max-width: 1024px){.kadence-column838_643abc-59 > .kt-inside-inner-col{flex-direction:column;justify-content:center;}}@media all and (max-width: 767px){.kadence-column838_643abc-59 > .kt-inside-inner-col{flex-direction:column;justify-content:center;}}<\/style>\n<div class=\"wp-block-kadence-column kadence-column838_643abc-59\"><div class=\"kt-inside-inner-col\"><\/div><\/div>\n\n\n<style>.kadence-column838_c8c3e6-6f > .kt-inside-inner-col,.kadence-column838_c8c3e6-6f > .kt-inside-inner-col:before{border-top-left-radius:0px;border-top-right-radius:0px;border-bottom-right-radius:0px;border-bottom-left-radius:0px;}.kadence-column838_c8c3e6-6f > .kt-inside-inner-col{column-gap:var(--global-kb-gap-sm, 1rem);}.kadence-column838_c8c3e6-6f > .kt-inside-inner-col{flex-direction:column;}.kadence-column838_c8c3e6-6f > .kt-inside-inner-col > .aligncenter{width:100%;}.kadence-column838_c8c3e6-6f > .kt-inside-inner-col:before{opacity:0.3;}.kadence-column838_c8c3e6-6f{position:relative;}@media all and (max-width: 1024px){.kadence-column838_c8c3e6-6f > .kt-inside-inner-col{flex-direction:column;justify-content:center;}}@media all and (max-width: 767px){.kadence-column838_c8c3e6-6f > .kt-inside-inner-col{flex-direction:column;justify-content:center;}}<\/style>\n<div class=\"wp-block-kadence-column kadence-column838_c8c3e6-6f\"><div class=\"kt-inside-inner-col\"><style>.wp-block-kadence-advancedheading.kt-adv-heading838_0e91c1-73, .wp-block-kadence-advancedheading.kt-adv-heading838_0e91c1-73[data-kb-block=\"kb-adv-heading838_0e91c1-73\"]{font-style:normal;}.wp-block-kadence-advancedheading.kt-adv-heading838_0e91c1-73 mark.kt-highlight, .wp-block-kadence-advancedheading.kt-adv-heading838_0e91c1-73[data-kb-block=\"kb-adv-heading838_0e91c1-73\"] mark.kt-highlight{font-style:normal;color:#f76a0c;-webkit-box-decoration-break:clone;box-decoration-break:clone;padding-top:0px;padding-right:0px;padding-bottom:0px;padding-left:0px;}.wp-block-kadence-advancedheading.kt-adv-heading838_0e91c1-73 img.kb-inline-image, .wp-block-kadence-advancedheading.kt-adv-heading838_0e91c1-73[data-kb-block=\"kb-adv-heading838_0e91c1-73\"] img.kb-inline-image{width:150px;vertical-align:baseline;}<\/style>\n<h2 class=\"kt-adv-heading838_0e91c1-73 wp-block-kadence-advancedheading\" data-kb-block=\"kb-adv-heading838_0e91c1-73\">Mag. Karl Blaha<\/h2>\n\n\n\n<p><\/p>\n\n\n<style>.kb-image838_aaeb4b-9f.kb-image-is-ratio-size, .kb-image838_aaeb4b-9f .kb-image-is-ratio-size{max-width:717px;width:100%;}.wp-block-kadence-column > .kt-inside-inner-col > .kb-image838_aaeb4b-9f.kb-image-is-ratio-size, .wp-block-kadence-column > .kt-inside-inner-col > .kb-image838_aaeb4b-9f .kb-image-is-ratio-size{align-self:unset;}.kb-image838_aaeb4b-9f figure{max-width:717px;}.kb-image838_aaeb4b-9f .image-is-svg, .kb-image838_aaeb4b-9f .image-is-svg img{width:100%;}.kb-image838_aaeb4b-9f .kb-image-has-overlay:after{opacity:0.3;}<\/style>\n<div class=\"wp-block-kadence-image kb-image838_aaeb4b-9f\"><figure class=\"alignleft size-large\"><img loading=\"lazy\" decoding=\"async\" width=\"1024\" height=\"683\" src=\"https:\/\/www.activity.co.at\/wp-content\/uploads\/2025\/02\/Activity.7.2024-2-1024x683.jpg\" alt=\"\" class=\"kb-img wp-image-798\" srcset=\"https:\/\/www.activity.co.at\/wp-content\/uploads\/2025\/02\/Activity.7.2024-2-1024x683.jpg 1024w, https:\/\/www.activity.co.at\/wp-content\/uploads\/2025\/02\/Activity.7.2024-2-300x200.jpg 300w, https:\/\/www.activity.co.at\/wp-content\/uploads\/2025\/02\/Activity.7.2024-2-768x512.jpg 768w, https:\/\/www.activity.co.at\/wp-content\/uploads\/2025\/02\/Activity.7.2024-2-1536x1024.jpg 1536w, https:\/\/www.activity.co.at\/wp-content\/uploads\/2025\/02\/Activity.7.2024-2-2048x1365.jpg 2048w\" sizes=\"auto, (max-width: 1024px) 100vw, 1024px\" \/><\/figure><\/div>\n\n\n<style>.wp-block-kadence-advancedheading.kt-adv-heading838_c0e59d-ec, .wp-block-kadence-advancedheading.kt-adv-heading838_c0e59d-ec[data-kb-block=\"kb-adv-heading838_c0e59d-ec\"]{font-size:var(--global-kb-font-size-md, 1.25rem);font-style:normal;}.wp-block-kadence-advancedheading.kt-adv-heading838_c0e59d-ec mark.kt-highlight, .wp-block-kadence-advancedheading.kt-adv-heading838_c0e59d-ec[data-kb-block=\"kb-adv-heading838_c0e59d-ec\"] mark.kt-highlight{font-style:normal;color:#f76a0c;-webkit-box-decoration-break:clone;box-decoration-break:clone;padding-top:0px;padding-right:0px;padding-bottom:0px;padding-left:0px;}.wp-block-kadence-advancedheading.kt-adv-heading838_c0e59d-ec img.kb-inline-image, .wp-block-kadence-advancedheading.kt-adv-heading838_c0e59d-ec[data-kb-block=\"kb-adv-heading838_c0e59d-ec\"] img.kb-inline-image{width:150px;vertical-align:baseline;}<\/style>\n<h6 class=\"kt-adv-heading838_c0e59d-ec wp-block-kadence-advancedheading\" data-kb-block=\"kb-adv-heading838_c0e59d-ec\">Jahrgang 1965,<br>Studium der Sportwissenschaften (KFU Graz), <br>Ausbildungen in systemischer Beratung (Prof. Simon, Berlin) und Organisationsentwicklung (Hochschule f\u00fcr P\u00e4dagogik und Soziale Arbeit, Basel),<br>1992 Gr\u00fcndung der Beratergruppe activity, <br>15 Jahre Leistungssport (mehrfacher \u00d6ster. Staatsmeister im Mittelstreckenlauf) <br><br>Umfangreiche Trainings- und Beratert\u00e4tigkeiten mit den Schwerpunkten Gesundheit\/Fitness, Stress- und Selbstmanagement, Resilienz, <br>Teamentwicklung- und Begleitung, F\u00fchrung. <br><br><br>Hobbys: Ausdauersport, Natur und Berge, Volleyball, Musik &amp; Songwriting, Sprachen, Kochen&#8230;<\/h6>\n<\/div><\/div>\n\n\n<style>.kadence-column838_2c162f-f6 > .kt-inside-inner-col,.kadence-column838_2c162f-f6 > .kt-inside-inner-col:before{border-top-left-radius:0px;border-top-right-radius:0px;border-bottom-right-radius:0px;border-bottom-left-radius:0px;}.kadence-column838_2c162f-f6 > .kt-inside-inner-col{column-gap:var(--global-kb-gap-sm, 1rem);}.kadence-column838_2c162f-f6 > .kt-inside-inner-col{flex-direction:column;}.kadence-column838_2c162f-f6 > .kt-inside-inner-col > .aligncenter{width:100%;}.kadence-column838_2c162f-f6 > .kt-inside-inner-col:before{opacity:0.3;}.kadence-column838_2c162f-f6{position:relative;}@media all and (max-width: 1024px){.kadence-column838_2c162f-f6 > .kt-inside-inner-col{flex-direction:column;justify-content:center;}}@media all and (max-width: 767px){.kadence-column838_2c162f-f6 > .kt-inside-inner-col{flex-direction:column;justify-content:center;}}<\/style>\n<div class=\"wp-block-kadence-column kadence-column838_2c162f-f6\"><div class=\"kt-inside-inner-col\"><\/div><\/div>\n\n<\/div><\/div>\n\n\n<p style=\"border-style:none;border-width:0px;margin-top:0;margin-right:var(--wp--preset--spacing--20);margin-bottom:0;margin-left:var(--wp--preset--spacing--20);padding-right:0;padding-left:0\"><\/p>\n<\/div><\/div>\n\n\n<style>.kadence-column838_35a8d6-ae > .kt-inside-inner-col,.kadence-column838_35a8d6-ae > .kt-inside-inner-col:before{border-top-left-radius:0px;border-top-right-radius:0px;border-bottom-right-radius:0px;border-bottom-left-radius:0px;}.kadence-column838_35a8d6-ae > .kt-inside-inner-col{column-gap:var(--global-kb-gap-sm, 1rem);}.kadence-column838_35a8d6-ae > .kt-inside-inner-col{flex-direction:column;}.kadence-column838_35a8d6-ae > .kt-inside-inner-col > .aligncenter{width:100%;}.kadence-column838_35a8d6-ae > .kt-inside-inner-col:before{opacity:0.3;}.kadence-column838_35a8d6-ae{position:relative;}@media all and (max-width: 1024px){.kadence-column838_35a8d6-ae > .kt-inside-inner-col{flex-direction:column;justify-content:center;}}@media all and (max-width: 767px){.kadence-column838_35a8d6-ae > .kt-inside-inner-col{flex-direction:column;justify-content:center;}}<\/style>\n<div class=\"wp-block-kadence-column kadence-column838_35a8d6-ae\"><div class=\"kt-inside-inner-col\"><\/div><\/div>\n\n<\/div><\/div>\n\n<style>.kb-row-layout-id838_cbf5e8-fa > .kt-row-column-wrap{align-content:start;}:where(.kb-row-layout-id838_cbf5e8-fa > .kt-row-column-wrap) > .wp-block-kadence-column{justify-content:start;}.kb-row-layout-id838_cbf5e8-fa > .kt-row-column-wrap{column-gap:var(--global-kb-gap-md, 2rem);row-gap:var(--global-kb-gap-md, 2rem);padding-top:var(--global-kb-spacing-sm, 1.5rem);padding-bottom:var(--global-kb-spacing-3xl, 6.5rem);grid-template-columns:minmax(0, 1fr);}.kb-row-layout-id838_cbf5e8-fa > .kt-row-layout-overlay{opacity:0.30;}@media all and (max-width: 1024px){.kb-row-layout-id838_cbf5e8-fa > .kt-row-column-wrap{grid-template-columns:minmax(0, 1fr);}}@media all and (max-width: 767px){.kb-row-layout-id838_cbf5e8-fa > .kt-row-column-wrap{grid-template-columns:minmax(0, 1fr);}}<\/style><div class=\"kb-row-layout-wrap kb-row-layout-id838_cbf5e8-fa alignfull has-theme-palette1-background-color kt-row-has-bg wp-block-kadence-rowlayout\"><div class=\"kt-row-column-wrap kt-has-1-columns kt-row-layout-equal kt-tab-layout-inherit kt-mobile-layout-row kt-row-valign-top\">\n<style>.kadence-column838_2876d0-7c > .kt-inside-inner-col,.kadence-column838_2876d0-7c > .kt-inside-inner-col:before{border-top-left-radius:0px;border-top-right-radius:0px;border-bottom-right-radius:0px;border-bottom-left-radius:0px;}.kadence-column838_2876d0-7c > .kt-inside-inner-col{column-gap:var(--global-kb-gap-sm, 1rem);}.kadence-column838_2876d0-7c > .kt-inside-inner-col{flex-direction:column;}.kadence-column838_2876d0-7c > .kt-inside-inner-col > .aligncenter{width:100%;}.kadence-column838_2876d0-7c > .kt-inside-inner-col:before{opacity:0.3;}.kadence-column838_2876d0-7c{position:relative;}@media all and (max-width: 1024px){.kadence-column838_2876d0-7c > .kt-inside-inner-col{flex-direction:column;justify-content:center;}}@media all and (max-width: 767px){.kadence-column838_2876d0-7c > .kt-inside-inner-col{flex-direction:column;justify-content:center;}}<\/style>\n<div class=\"wp-block-kadence-column kadence-column838_2876d0-7c\"><div class=\"kt-inside-inner-col\"><style>.wp-block-kadence-advancedheading.kt-adv-heading838_744cdb-98, .wp-block-kadence-advancedheading.kt-adv-heading838_744cdb-98[data-kb-block=\"kb-adv-heading838_744cdb-98\"]{text-align:center;font-style:normal;}.wp-block-kadence-advancedheading.kt-adv-heading838_744cdb-98 mark.kt-highlight, .wp-block-kadence-advancedheading.kt-adv-heading838_744cdb-98[data-kb-block=\"kb-adv-heading838_744cdb-98\"] mark.kt-highlight{font-style:normal;color:#f76a0c;-webkit-box-decoration-break:clone;box-decoration-break:clone;padding-top:0px;padding-right:0px;padding-bottom:0px;padding-left:0px;}.wp-block-kadence-advancedheading.kt-adv-heading838_744cdb-98 img.kb-inline-image, .wp-block-kadence-advancedheading.kt-adv-heading838_744cdb-98[data-kb-block=\"kb-adv-heading838_744cdb-98\"] img.kb-inline-image{width:150px;vertical-align:baseline;}.wp-block-kadence-advancedheading.kt-adv-heading838_744cdb-98[data-kb-block=\"kb-adv-heading838_744cdb-98\"] a, .kt-adv-heading-link838_744cdb-98, .kt-adv-heading-link838_744cdb-98 .kt-adv-heading838_744cdb-98[data-kb-block=\"kb-adv-heading838_744cdb-98\"]{color:var(--global-palette2, #2B6CB0);}.wp-block-kadence-advancedheading.kt-adv-heading838_744cdb-98[data-kb-block=\"kb-adv-heading838_744cdb-98\"] a:hover, .kt-adv-heading-link838_744cdb-98:hover, .kt-adv-heading-link838_744cdb-98:hover .kt-adv-heading838_744cdb-98[data-kb-block=\"kb-adv-heading838_744cdb-98\"]{color:var(--global-palette3, #1A202C);}<\/style>\n<p class=\"kt-adv-heading838_744cdb-98 wp-block-kadence-advancedheading\" data-kb-block=\"kb-adv-heading838_744cdb-98\">Kontakt: <br>Telefon: +43676-3142029<br>E-Mail: k.blaha@activity.co.at<\/p>\n<\/div><\/div>\n\n<\/div><\/div>\n\n\n<p><\/p>\n","protected":false},"excerpt":{"rendered":"<p>Overline Mag. Karl Blaha Jahrgang 1965,Studium der Sportwissenschaften (KFU Graz), Ausbildungen in systemischer Beratung (Prof. Simon, Berlin) und Organisationsentwicklung (Hochschule f\u00fcr P\u00e4dagogik und Soziale Arbeit, Basel),1992 Gr\u00fcndung der Beratergruppe activity, 15 Jahre Leistungssport (mehrfacher \u00d6ster. Staatsmeister im Mittelstreckenlauf) Umfangreiche Trainings- und Beratert\u00e4tigkeiten mit den Schwerpunkten Gesundheit\/Fitness, Stress- und Selbstmanagement, Resilienz, Teamentwicklung- und Begleitung, F\u00fchrung. Hobbys:&#8230;<\/p>\n","protected":false},"author":1,"featured_media":0,"parent":0,"menu_order":1,"comment_status":"closed","ping_status":"closed","template":"","meta":{"_kadence_starter_templates_imported_post":true,"_kad_post_transparent":"disable","_kad_post_title":"hide","_kad_post_layout":"narrow","_kad_post_sidebar_id":"","_kad_post_content_style":"unboxed","_kad_post_vertical_padding":"default","_kad_post_feature":"","_kad_post_feature_position":"","_kad_post_header":false,"_kad_post_footer":false,"footnotes":""},"class_list":["post-838","page","type-page","status-publish","hentry"],"_links":{"self":[{"href":"https:\/\/www.activity.co.at\/index.php?rest_route=\/wp\/v2\/pages\/838","targetHints":{"allow":["GET"]}}],"collection":[{"href":"https:\/\/www.activity.co.at\/index.php?rest_route=\/wp\/v2\/pages"}],"about":[{"href":"https:\/\/www.activity.co.at\/index.php?rest_route=\/wp\/v2\/types\/page"}],"author":[{"embeddable":true,"href":"https:\/\/www.activity.co.at\/index.php?rest_route=\/wp\/v2\/users\/1"}],"replies":[{"embeddable":true,"href":"https:\/\/www.activity.co.at\/index.php?rest_route=%2Fwp%2Fv2%2Fcomments&post=838"}],"version-history":[{"count":30,"href":"https:\/\/www.activity.co.at\/index.php?rest_route=\/wp\/v2\/pages\/838\/revisions"}],"predecessor-version":[{"id":1264,"href":"https:\/\/www.activity.co.at\/index.php?rest_route=\/wp\/v2\/pages\/838\/revisions\/1264"}],"wp:attachment":[{"href":"https:\/\/www.activity.co.at\/index.php?rest_route=%2Fwp%2Fv2%2Fmedia&parent=838"}],"curies":[{"name":"wp","href":"https:\/\/api.w.org\/{rel}","templated":true}]}}